{"id":1026,"date":"2024-10-23T10:25:34","date_gmt":"2024-10-23T08:25:34","guid":{"rendered":"https:\/\/www.camping-du-lac-du-jaunay.com\/camping-en-vendee-avec-piscine\/"},"modified":"2024-11-22T13:55:29","modified_gmt":"2024-11-22T12:55:29","slug":"camping-en-vendee-avec-piscine","status":"publish","type":"page","link":"https:\/\/www.camping-du-lac-du-jaunay.com\/en\/camping-en-vendee-avec-piscine\/","title":{"rendered":"Swimming pool"},"content":{"rendered":"<div class=\"diaporama-header align-full\"><div class=\"gallery\"><figure class=\"gallery__item\"><picture><source srcset=\"https:\/\/www.camping-du-lac-du-jaunay.com\/wp-content\/uploads\/2024\/10\/piscine-transat-espace-aquatique-420x420.webp\" media=\"(max-width: 210px)\"><source srcset=\"https:\/\/www.camping-du-lac-du-jaunay.com\/wp-content\/uploads\/2024\/10\/piscine-transat-espace-aquatique-850x536.webp\" media=\"(max-width: 420px)\"><source srcset=\"https:\/\/www.camping-du-lac-du-jaunay.com\/wp-content\/uploads\/2024\/10\/piscine-transat-espace-aquatique-768x484.webp\" media=\"(max-width: 850px)\"><source srcset=\"https:\/\/www.camping-du-lac-du-jaunay.com\/wp-content\/uploads\/2024\/10\/piscine-transat-espace-aquatique-1024x646.webp\" media=\"(max-width: 1024px)\"><source srcset=\"https:\/\/www.camping-du-lac-du-jaunay.com\/wp-content\/uploads\/2024\/10\/piscine-transat-espace-aquatique.webp\" media=\"(min-width: 1025px)\"><img loading=\"lazy\" decoding=\"async\" src=\"https:\/\/www.camping-du-lac-du-jaunay.com\/wp-content\/uploads\/2024\/10\/piscine-transat-espace-aquatique-420x420.webp\" width=\"420\" height=\"210\" alt=\"\" title=\"\"><\/picture><\/figure><\/div><div class=\"diaporama-header__inner\"><h1 class=\"h1\" style=\"text-align: center;\">Your campsite in Vend\u00e9e <span class=\"fc-span\">with indoor swimming pool!<\/span><\/h1><\/div><\/div>\n\n<div class=\"group sec-05 align-full has-background has-gris-background-color\" style=\"background-color:var(--gris);\"><h2 style=\"text-align: center;\">A campsite in the Vend\u00e9e with a swimming pool: <span class=\"fc-span\">Camping du Lac du Jaunay<\/span><\/h2><p  style=\"text-align: center;\"  >The Vend\u00e9e is one of France&#8217;s most popular vacation destinations. In addition to its fine sandy beaches and pine forests, it also boasts a freshwater lake next to which our campsite, Camping du Lac du Jaunay, is located. If you&#8217;re looking for a <strong>campsite in the Vend\u00e9e with a swimming pool<\/strong>, Le camping du Lac du Jaunay should appeal to you, thanks to its authentic environment and aquatic facilities suitable for all ages.  <\/p><div class=\"lireplus fc-desk\"><p  style=\"text-align: center;\"  >Read more<\/p><div class=\"group\"><p  style=\"text-align: center;\"  >Located in the heart of the Vend\u00e9e region, our 3-star campsite offers holidaymakers a relaxing and peaceful stay, 100% right on the water. Close to the shores of Lac du Jaunay, our <strong>campsite features a large aqua-ludic area<\/strong>, with an open-air swimming pool, another covered pool, a 19m\u00b2 covered paddling pool with a 25cm depth for children, a relaxation and wellness area with massage jets and whirlpool baths. <\/p><\/div><\/div><div class=\"gallery f-carousel fc-diapo-mob\" data-fancybox=\"gallery-mob\"><figure class=\"gallery__item\"><picture><source srcset=\"https:\/\/www.camping-du-lac-du-jaunay.com\/wp-content\/uploads\/2024\/10\/piscine-toboggan-420x420.webp\" media=\"(max-width: 210px)\"><source srcset=\"https:\/\/www.camping-du-lac-du-jaunay.com\/wp-content\/uploads\/2024\/10\/piscine-toboggan-850x567.webp\" media=\"(max-width: 420px)\"><source srcset=\"https:\/\/www.camping-du-lac-du-jaunay.com\/wp-content\/uploads\/2024\/10\/piscine-toboggan-768x512.webp\" media=\"(max-width: 850px)\"><source srcset=\"https:\/\/www.camping-du-lac-du-jaunay.com\/wp-content\/uploads\/2024\/10\/piscine-toboggan-1024x683.webp\" media=\"(max-width: 1024px)\"><source srcset=\"https:\/\/www.camping-du-lac-du-jaunay.com\/wp-content\/uploads\/2024\/10\/piscine-toboggan.webp\" media=\"(min-width: 1025px)\"><img decoding=\"async\" src=\"https:\/\/www.camping-du-lac-du-jaunay.com\/wp-content\/uploads\/2024\/10\/piscine-toboggan-420x420.webp\" width=\"420\" height=\"210\" loading=\"lazy\" alt=\"\" title=\"\"><\/picture><figcaption>1,000m\u00b2 aquatic area<\/figcaption><\/figure><figure class=\"gallery__item\"><picture><source srcset=\"https:\/\/www.camping-du-lac-du-jaunay.com\/wp-content\/uploads\/2024\/10\/piscine-jeunes-420x420.webp\" media=\"(max-width: 210px)\"><source srcset=\"https:\/\/www.camping-du-lac-du-jaunay.com\/wp-content\/uploads\/2024\/10\/piscine-jeunes-850x567.webp\" media=\"(max-width: 420px)\"><source srcset=\"https:\/\/www.camping-du-lac-du-jaunay.com\/wp-content\/uploads\/2024\/10\/piscine-jeunes-768x512.webp\" media=\"(max-width: 850px)\"><source srcset=\"https:\/\/www.camping-du-lac-du-jaunay.com\/wp-content\/uploads\/2024\/10\/piscine-jeunes-1024x683.webp\" media=\"(max-width: 1024px)\"><source srcset=\"https:\/\/www.camping-du-lac-du-jaunay.com\/wp-content\/uploads\/2024\/10\/piscine-jeunes.webp\" media=\"(min-width: 1025px)\"><img decoding=\"async\" src=\"https:\/\/www.camping-du-lac-du-jaunay.com\/wp-content\/uploads\/2024\/10\/piscine-jeunes-420x420.webp\" width=\"420\" height=\"210\" loading=\"lazy\" alt=\"\" title=\"\"><\/picture><figcaption>Infinity pool<\/figcaption><\/figure><figure class=\"gallery__item\"><picture><source srcset=\"https:\/\/www.camping-du-lac-du-jaunay.com\/wp-content\/uploads\/2024\/10\/piscine-pataugeoire-420x420.webp\" media=\"(max-width: 210px)\"><source srcset=\"https:\/\/www.camping-du-lac-du-jaunay.com\/wp-content\/uploads\/2024\/10\/piscine-pataugeoire-850x567.webp\" media=\"(max-width: 420px)\"><source srcset=\"https:\/\/www.camping-du-lac-du-jaunay.com\/wp-content\/uploads\/2024\/10\/piscine-pataugeoire-768x512.webp\" media=\"(max-width: 850px)\"><source srcset=\"https:\/\/www.camping-du-lac-du-jaunay.com\/wp-content\/uploads\/2024\/10\/piscine-pataugeoire-1024x683.webp\" media=\"(max-width: 1024px)\"><source srcset=\"https:\/\/www.camping-du-lac-du-jaunay.com\/wp-content\/uploads\/2024\/10\/piscine-pataugeoire.webp\" media=\"(min-width: 1025px)\"><img decoding=\"async\" src=\"https:\/\/www.camping-du-lac-du-jaunay.com\/wp-content\/uploads\/2024\/10\/piscine-pataugeoire-420x420.webp\" width=\"420\" height=\"210\" loading=\"lazy\" alt=\"\" title=\"\"><\/picture><figcaption>Small pool and paddling pool<\/figcaption><\/figure><\/div><\/div>\n\n<div class=\"columns sec-10 reverse-mob align-full\"><div class=\"columns__item media\"><div class=\"gallery height-adapt col-2 f-carousel fc-diapo\" data-fancybox=\"gallery\"><figure class=\"gallery__item\"><picture><source srcset=\"https:\/\/www.camping-du-lac-du-jaunay.com\/wp-content\/uploads\/2024\/10\/enfant-jeu-piscine-420x420.webp\" media=\"(max-width: 210px)\"><source srcset=\"https:\/\/www.camping-du-lac-du-jaunay.com\/wp-content\/uploads\/2024\/10\/enfant-jeu-piscine-567x850.webp\" media=\"(max-width: 420px)\"><source srcset=\"https:\/\/www.camping-du-lac-du-jaunay.com\/wp-content\/uploads\/2024\/10\/enfant-jeu-piscine-768x1152.webp\" media=\"(max-width: 850px)\"><source srcset=\"https:\/\/www.camping-du-lac-du-jaunay.com\/wp-content\/uploads\/2024\/10\/enfant-jeu-piscine-683x1024.webp\" media=\"(max-width: 1024px)\"><source srcset=\"https:\/\/www.camping-du-lac-du-jaunay.com\/wp-content\/uploads\/2024\/10\/enfant-jeu-piscine.webp\" media=\"(min-width: 1025px)\"><img decoding=\"async\" src=\"https:\/\/www.camping-du-lac-du-jaunay.com\/wp-content\/uploads\/2024\/10\/enfant-jeu-piscine-420x420.webp\" width=\"420\" height=\"210\" loading=\"lazy\" alt=\"\" title=\"\"><\/picture><\/figure><figure class=\"gallery__item\"><picture><source srcset=\"https:\/\/www.camping-du-lac-du-jaunay.com\/wp-content\/uploads\/2024\/10\/plongeon-enfant-piscine-420x420.webp\" media=\"(max-width: 210px)\"><source srcset=\"https:\/\/www.camping-du-lac-du-jaunay.com\/wp-content\/uploads\/2024\/10\/plongeon-enfant-piscine-563x850.webp\" media=\"(max-width: 420px)\"><source srcset=\"https:\/\/www.camping-du-lac-du-jaunay.com\/wp-content\/uploads\/2024\/10\/plongeon-enfant-piscine-768x1160.webp\" media=\"(max-width: 850px)\"><source srcset=\"https:\/\/www.camping-du-lac-du-jaunay.com\/wp-content\/uploads\/2024\/10\/plongeon-enfant-piscine-678x1024.webp\" media=\"(max-width: 1024px)\"><source srcset=\"https:\/\/www.camping-du-lac-du-jaunay.com\/wp-content\/uploads\/2024\/10\/plongeon-enfant-piscine.webp\" media=\"(min-width: 1025px)\"><img decoding=\"async\" src=\"https:\/\/www.camping-du-lac-du-jaunay.com\/wp-content\/uploads\/2024\/10\/plongeon-enfant-piscine-420x420.webp\" width=\"420\" height=\"210\" loading=\"lazy\" alt=\"\" title=\"\"><\/picture><\/figure><figure class=\"gallery__item\"><picture><source srcset=\"https:\/\/www.camping-du-lac-du-jaunay.com\/wp-content\/uploads\/2024\/10\/enfant-fille-piscine-420x420.webp\" media=\"(max-width: 210px)\"><source srcset=\"https:\/\/www.camping-du-lac-du-jaunay.com\/wp-content\/uploads\/2024\/10\/enfant-fille-piscine-850x567.webp\" media=\"(max-width: 420px)\"><source srcset=\"https:\/\/www.camping-du-lac-du-jaunay.com\/wp-content\/uploads\/2024\/10\/enfant-fille-piscine-768x512.webp\" media=\"(max-width: 850px)\"><source srcset=\"https:\/\/www.camping-du-lac-du-jaunay.com\/wp-content\/uploads\/2024\/10\/enfant-fille-piscine-1024x683.webp\" media=\"(max-width: 1024px)\"><source srcset=\"https:\/\/www.camping-du-lac-du-jaunay.com\/wp-content\/uploads\/2024\/10\/enfant-fille-piscine.webp\" media=\"(min-width: 1025px)\"><img decoding=\"async\" src=\"https:\/\/www.camping-du-lac-du-jaunay.com\/wp-content\/uploads\/2024\/10\/enfant-fille-piscine-420x420.webp\" width=\"420\" height=\"210\" loading=\"lazy\" alt=\"\" title=\"\"><\/picture><\/figure><\/div><\/div><div class=\"columns__item texte\"><p class=\"h2\"   >A place for <span class=\"fc-span\">young and old<\/span><\/p><p    >The<strong>aquatic area<\/strong> covers more than 1,000 m\u00b2, including 252 m\u00b2 of covered space, enough to satisfy any swimming craving. Our <strong>Vend\u00e9e campsite with indoor pool<\/strong> means you can enjoy the water park even when the sun isn&#8217;t shining. <\/p><p    >Come alone, as a couple with or without children, and opt for one of our camping accommodations to experience moments of relaxation in the Vend\u00e9e&#8230;<\/p><div class=\"lireplus fc-mob\"><p    >Read more<\/p><div class=\"group\"><p    >There&#8217;s no need to worry about the weather, and you can even enjoy the indoor pool if the sun decides to turn grey during your vacation. Should you choose a <strong>campsite in Vend\u00e9e with an indoor pool<\/strong> or a <strong>campsite in Vend\u00e9e with an outdoor pool<\/strong>? <\/p><p    >Why choose which type of swimming pool to choose at the campsite of your future vacation when you can have both options at the same campsite? Most <strong>campsites in the Vend\u00e9e have outdoor swimming pools<\/strong>, but very few have both an outdoor pool area and an indoor pool. <\/p><\/div><\/div><\/div><\/div>\n\n<ul class=\"pictos bandeau\" style=\"background-color: var(--vert);\"><li><span class=\"fc-icon\"><svg xmlns=\"http:\/\/www.w3.org\/2000\/svg\"  viewBox=\"0 0 576 512\" width=\"16px\" height=\"16px\"><!--! Font Awesome Pro 6.4.2 by @fontawesome - https:\/\/fontawesome.com License - https:\/\/fontawesome.com\/license (Commercial License) Copyright 2023 Fonticons, Inc.--><path d=\"M301.9 4.4c-8.3-5.9-19.4-5.9-27.7 0l-192 136c-10.8 7.7-13.4 22.6-5.7 33.5s22.6 13.4 33.5 5.7l2.1-1.5v80.4c7.3 1.9 14.4 5.1 20.9 9.6c8.4 5.8 17.7 10.6 27.1 14.1V144.1L288 53.4l128 90.7V282.2c9.5-3.5 18.8-8.3 27.2-14.1c6.5-4.5 13.5-7.8 20.8-9.6V178.1l2.1 1.5c10.8 7.7 25.8 5.1 33.5-5.7s5.1-25.8-5.7-33.5l-192-136zM80 318.1C62.8 333 41 344.8 18.8 349.8C5.9 352.7-2.3 365.5 .6 378.5s15.7 21.1 28.7 18.2C58 390.2 81.6 376.2 96 366.2c28.1 19.5 61.4 33.8 96 33.8s67.9-14.3 96-33.8c28.1 19.5 61.4 33.8 96 33.8s67.9-14.3 96-33.8c14.4 10 38 24 66.7 30.4c12.9 2.9 25.8-5.2 28.7-18.2s-5.2-25.8-18.2-28.7c-22-4.9-44.3-16.7-61.3-31.8c-9.1-8.1-22.8-8.1-31.9 0c-21.5 18.6-51.2 33.9-80 33.9s-58.5-15.3-80-33.9c-9.1-8.1-22.8-8.1-31.9 0c-21.5 18.7-51.2 33.9-80 33.9s-58.5-15.3-80-33.9c-9.1-8.1-22.8-8.1-31.9 0zm31.9 112c-9.1-8.1-22.8-8.1-31.9 0C62.8 445 41 456.8 18.8 461.8C5.9 464.7-2.3 477.5 .6 490.5s15.7 21.1 28.7 18.2C58 502.2 81.6 488.2 96 478.2c28.1 19.5 61.4 33.8 96 33.8s67.9-14.3 96-33.8c28.1 19.5 61.4 33.8 96 33.8s67.9-14.3 96-33.8c14.4 10 38 24 66.7 30.4c12.9 2.9 25.8-5.2 28.7-18.2s-5.2-25.8-18.2-28.7c-22-4.9-44.3-16.7-61.3-31.8c-9.1-8.1-22.8-8.1-31.9 0c-21.5 18.6-51.2 33.9-80 33.9s-58.5-15.3-80-33.9c-9.1-8.1-22.8-8.1-31.9 0c-21.5 18.6-51.2 33.9-80 33.9s-58.5-15.3-80-33.9z\"\/><\/svg><\/span>  Indoor swimming pool\n<\/li><li><span class=\"fc-icon\"><svg xmlns=\"http:\/\/www.w3.org\/2000\/svg\"  viewBox=\"0 0 512 512\" width=\"16px\" height=\"16px\"><!--! Font Awesome Pro 6.4.2 by @fontawesome - https:\/\/fontawesome.com License - https:\/\/fontawesome.com\/license (Commercial License) Copyright 2023 Fonticons, Inc.--><path d=\"M64 0a64 64 0 1 1 0 128A64 64 0 1 1 64 0zM48 336V448c0 8.8 7.2 16 16 16h48V304H48v16 16zM160 464h72V304H160V464zm120 0h72V304l-72 0V464zm-2.7-208H376l24 0 48 0c35.3 0 64 28.7 64 64V448c0 35.3-28.7 64-64 64H64c-35.3 0-64-28.7-64-64V336 320 280 256c0-53 43-96 96-96c20.8 0 41 6.7 57.6 19.2l85.3 64c11.1 8.3 24.6 12.8 38.4 12.8zM48 256l88 0h40l-51.2-38.4c-8.3-6.2-18.4-9.6-28.8-9.6c-26.5 0-48 21.5-48 48zm352 48V464h48c8.8 0 16-7.2 16-16V320c0-8.8-7.2-16-16-16H400zM272 24v5.2c0 20.4 8.7 39.9 23.8 53.5l16.4 14.8c25.3 22.8 39.7 55.2 39.7 89.2V200c0 13.3-10.7 24-24 24s-24-10.7-24-24V186.8c0-20.4-8.7-39.9-23.8-53.5l-16.4-14.8C238.4 95.7 224 63.3 224 29.2V24c0-13.3 10.7-24 24-24s24 10.7 24 24zm112 0v5.2c0 20.4 8.7 39.9 23.8 53.5l16.4 14.8c25.3 22.8 39.7 55.2 39.7 89.2V200c0 13.3-10.7 24-24 24s-24-10.7-24-24V186.8c0-20.4-8.7-39.9-23.8-53.5l-16.4-14.8C350.4 95.7 336 63.3 336 29.2V24c0-13.3 10.7-24 24-24s24 10.7 24 24z\"\/><\/svg><\/span>  Whirlpool bath and massage jets\n<\/li><li><span class=\"fc-icon\"><svg xmlns=\"http:\/\/www.w3.org\/2000\/svg\"  viewBox=\"0 0 576 512\" width=\"16px\" height=\"16px\"><!--! Font Awesome Pro 6.4.2 by @fontawesome - https:\/\/fontawesome.com License - https:\/\/fontawesome.com\/license (Commercial License) Copyright 2023 Fonticons, Inc.--><path d=\"M128 128c0-53 43-96 96-96s96 43 96 96v8c0 13.3-10.7 24-24 24s-24-10.7-24-24v-8c0-26.5-21.5-48-48-48s-48 21.5-48 48v96.2H384V128c0-53 43-96 96-96s96 43 96 96v8c0 13.3-10.7 24-24 24s-24-10.7-24-24v-8c0-26.5-21.5-48-48-48s-48 21.5-48 48V248.2 371c-15.5 8.4-32.8 13.5-48 13.5h0V272.2H176V382.8c-14.7-2.9-30-9.6-43.1-18.7c-1.6-1.1-3.2-2.2-4.9-3.1V248.2 128zM111.9 398.1c21.5 18.6 51.2 33.9 80 33.9s58.5-15.3 80-33.9c9.1-8.1 22.8-8.1 31.9 0c21.6 18.6 51.2 33.9 80 33.9s58.5-15.3 80-33.9c9.1-8.1 22.8-8.1 31.9 0c16.9 15.1 39.3 26.8 61.3 31.8c12.9 2.9 21.1 15.7 18.2 28.7s-15.7 21.1-28.7 18.2c-28.7-6.4-52.3-20.5-66.7-30.4c-28.1 19.5-61.4 33.8-96 33.8s-67.9-14.3-96-33.8c-28.1 19.5-61.4 33.8-96 33.8s-67.9-14.3-96-33.8c-14.4 10-38 24-66.7 30.4c-12.9 2.9-25.8-5.2-28.7-18.2s5.2-25.8 18.2-28.7c22.2-5 44-16.8 61.2-31.7c9.1-8.1 22.8-8.1 31.9 0z\"\/><\/svg><\/span>  Outdoor swimming pool\n<\/li><\/ul>\n\n<div class=\"columns sec-10 reverse-mob has-fond-background-color has-background align-full\" style=\"background-color:var(--fond);\"><div class=\"columns__item texte\"><h3 class=\"h2\">Our outdoor swimming area<\/h3><p    >On hot days, you can take advantage of the large <strong>25m x 10m<\/strong> infinity pool with a depth of 1.10m to 1.80m. The progressive depth of the large pool (from 1.40m to 1.80m) ensures that everyone can splash about, swim, dive or play a variety of water games in its <strong>74m\u00b2<\/strong>! <\/p><div class=\"lireplus fc-mob\"><p    >Read more<\/p><div class=\"group\"><p    >The play area with waterslides has been designed to delight parents and children alike. The indoor pool guarantees you a dip in our pools as soon as the first rays of sunshine appear. <\/p><p    >A small pool (6m x 5m, 0.50m deep), more suitable for young children, will enable them to discover the joys of swimming in complete safety, before daring to take the plunge into the deep end. Every member of the family, whatever their age, can enjoy the outdoor water park in complete safety. <\/p><\/div><\/div><\/div><div class=\"columns__item media\"><div class=\"gallery height-adapt col-2\"><figure class=\"gallery__item\"><picture><source srcset=\"https:\/\/www.camping-du-lac-du-jaunay.com\/wp-content\/uploads\/2024\/10\/amis-piscine-jeux-420x420.webp\" media=\"(max-width: 210px)\"><source srcset=\"https:\/\/www.camping-du-lac-du-jaunay.com\/wp-content\/uploads\/2024\/10\/amis-piscine-jeux-850x567.webp\" media=\"(max-width: 420px)\"><source srcset=\"https:\/\/www.camping-du-lac-du-jaunay.com\/wp-content\/uploads\/2024\/10\/amis-piscine-jeux-768x512.webp\" media=\"(max-width: 850px)\"><source srcset=\"https:\/\/www.camping-du-lac-du-jaunay.com\/wp-content\/uploads\/2024\/10\/amis-piscine-jeux-1024x683.webp\" media=\"(max-width: 1024px)\"><source srcset=\"https:\/\/www.camping-du-lac-du-jaunay.com\/wp-content\/uploads\/2024\/10\/amis-piscine-jeux.webp\" media=\"(min-width: 1025px)\"><img decoding=\"async\" src=\"https:\/\/www.camping-du-lac-du-jaunay.com\/wp-content\/uploads\/2024\/10\/amis-piscine-jeux-420x420.webp\" width=\"420\" height=\"210\" loading=\"lazy\" alt=\"\" title=\"\"><\/picture><\/figure><\/div><\/div><\/div>\n\n<div class=\"columns sec-10 has-vert-background-color has-background align-full\" style=\"background-color:var(--vert);\"><div class=\"columns__item media\"><div class=\"gallery height-adapt col-2\"><figure class=\"gallery__item\"><picture><source srcset=\"https:\/\/www.camping-du-lac-du-jaunay.com\/wp-content\/uploads\/2024\/10\/piscine-interieure-420x420.webp\" media=\"(max-width: 210px)\"><source srcset=\"https:\/\/www.camping-du-lac-du-jaunay.com\/wp-content\/uploads\/2024\/10\/piscine-interieure-850x591.webp\" media=\"(max-width: 420px)\"><source srcset=\"https:\/\/www.camping-du-lac-du-jaunay.com\/wp-content\/uploads\/2024\/10\/piscine-interieure-768x534.webp\" media=\"(max-width: 850px)\"><source srcset=\"https:\/\/www.camping-du-lac-du-jaunay.com\/wp-content\/uploads\/2024\/10\/piscine-interieure-1024x713.webp\" media=\"(max-width: 1024px)\"><source srcset=\"https:\/\/www.camping-du-lac-du-jaunay.com\/wp-content\/uploads\/2024\/10\/piscine-interieure.webp\" media=\"(min-width: 1025px)\"><img decoding=\"async\" src=\"https:\/\/www.camping-du-lac-du-jaunay.com\/wp-content\/uploads\/2024\/10\/piscine-interieure-420x420.webp\" width=\"420\" height=\"210\" loading=\"lazy\" alt=\"\" title=\"\"><\/picture><\/figure><\/div><\/div><div class=\"columns__item texte\"><h3 class=\"h2\">Our campsite in Vend\u00e9e with indoor pool area<\/h3><p    >The indoor pool has been designed to satisfy even more all those who love the sensation of water, without worrying about weather constraints. The indoor pool area features a 74m\u00b2 covered pool with a depth of 1.40m. <\/p><div class=\"lireplus fc-mob\"><p    >Read more<\/p><div class=\"group\"><p    >This type of indoor pool is a safe environment for teaching the little ones to swim, but generally speaking, all members of the family love to relax here.<\/p><\/div><\/div><div class=\"buttons\"><a href=\"https:\/\/www.camping-du-lac-du-jaunay.com\/en\/la-piscine-bien-etre\/\" rel=\"noreferrer noopener\" rel=\"noreferrer noopener\" class=\"buttons__btn\">Discover the wellness pool<\/a><\/div><\/div><\/div>\n\n<div class=\"group sec-15 align-full\"><div class=\"gallery\"><figure class=\"gallery__item\"><picture><source srcset=\"https:\/\/www.camping-du-lac-du-jaunay.com\/wp-content\/uploads\/2024\/10\/piscine-avec-transats-420x420.webp\" media=\"(max-width: 210px)\"><source srcset=\"https:\/\/www.camping-du-lac-du-jaunay.com\/wp-content\/uploads\/2024\/10\/piscine-avec-transats-850x567.webp\" media=\"(max-width: 420px)\"><source srcset=\"https:\/\/www.camping-du-lac-du-jaunay.com\/wp-content\/uploads\/2024\/10\/piscine-avec-transats-768x512.webp\" media=\"(max-width: 850px)\"><source srcset=\"https:\/\/www.camping-du-lac-du-jaunay.com\/wp-content\/uploads\/2024\/10\/piscine-avec-transats-1024x683.webp\" media=\"(max-width: 1024px)\"><source srcset=\"https:\/\/www.camping-du-lac-du-jaunay.com\/wp-content\/uploads\/2024\/10\/piscine-avec-transats.webp\" media=\"(min-width: 1025px)\"><img decoding=\"async\" src=\"https:\/\/www.camping-du-lac-du-jaunay.com\/wp-content\/uploads\/2024\/10\/piscine-avec-transats-420x420.webp\" width=\"420\" height=\"210\" loading=\"lazy\" alt=\"\" title=\"\"><\/picture><\/figure><\/div><div class=\"columns\" style=\"align-items:bottom;\"><div class=\"columns__item texte has-blanc-background-color has-background\" style=\"align-self:flex-end;background-color:var(--blanc);\"><h3>Practical information about our campsite in Vend\u00e9e with swimming pool<\/h3><p    >Please note that children&#8217;s swimming is under parental supervision. Swimming shorts are forbidden, so please wear a bathing suit instead. <\/p><p    >Our aquatic area is open every day in high season. Your <strong>Vend\u00e9e campsite with indoor pool<\/strong> regularly organizes water activities to liven up your stay. <\/p><\/div><div class=\"columns__item has-blanc-background-color has-background\" style=\"align-self:flex-end;background-color:var(--blanc);\"><ul class=\"pictos\"><li><span class=\"fc-icon\"><svg xmlns=\"http:\/\/www.w3.org\/2000\/svg\"  viewBox=\"0 0 576 512\" width=\"16px\" height=\"16px\"><!--! Font Awesome Pro 6.4.2 by @fontawesome - https:\/\/fontawesome.com License - https:\/\/fontawesome.com\/license (Commercial License) Copyright 2023 Fonticons, Inc.--><path d=\"M152 32c13.3 0 24 10.7 24 24V92.6c0 58 37.9 109.1 93.4 126c43.9 13.4 90.7 14.3 135.1 2.7l109.5-28.6c12.8-3.3 25.9 4.3 29.3 17.2s-4.3 25.9-17.2 29.3L416.5 267.8c-14.3 3.7-28.9 6.4-43.5 7.9L355.7 379.6c-10.6-3.5-21.2-8.8-30.9-15.5c-4.4-3.1-9.1-5.6-14-7.4l13.3-79.8c-23.2-1.4-46.3-5.5-68.8-12.3c-4.6-1.4-9-2.9-13.4-4.7L220.6 379.6c-9.2 3.1-18.9 4.9-28.6 4.9c-6.6 0-13.5-.9-20.6-2.7l26.3-147c-43-33.3-69.7-85.3-69.7-142.1V56c0-13.3 10.7-24 24-24zm112 96a56 56 0 1 1 112 0 56 56 0 1 1 -112 0zM111.9 398.1c21.5 18.6 51.2 33.9 80 33.9s58.5-15.3 80-33.9c9.1-8.1 22.8-8.1 31.9 0c21.6 18.6 51.2 33.9 80 33.9s58.5-15.3 80-33.9c9.1-8.1 22.8-8.1 31.9 0c16.9 15.1 39.3 26.8 61.3 31.8c12.9 2.9 21.1 15.7 18.2 28.7s-15.7 21.1-28.7 18.2c-28.7-6.4-52.3-20.5-66.7-30.4c-28.1 19.5-61.4 33.8-96 33.8s-67.9-14.3-96-33.8c-28.1 19.5-61.4 33.8-96 33.8s-67.9-14.3-96-33.8c-14.4 10-38 24-66.7 30.4c-12.9 2.9-25.8-5.2-28.7-18.2s5.2-25.8 18.2-28.7c22.2-5 44-16.8 61.2-31.7c9.1-8.1 22.8-8.1 31.9 0z\"\/><\/svg><\/span>  Supervised children&#8217;s swimming\n<\/li><li><span class=\"fc-icon\"><svg xmlns=\"http:\/\/www.w3.org\/2000\/svg\"  viewBox=\"0 0 576 512\" width=\"16px\" height=\"16px\"><!--! Font Awesome Pro 6.4.2 by @fontawesome - https:\/\/fontawesome.com License - https:\/\/fontawesome.com\/license (Commercial License) Copyright 2023 Fonticons, Inc.--><path d=\"M32 160a64 64 0 1 0 128 0A64 64 0 1 0 32 160zM80 334.1C62.8 349 41 360.8 18.8 365.8C5.9 368.7-2.3 381.5 .6 394.5s15.7 21.1 28.7 18.2C58 406.2 81.6 392.2 96 382.2c28.1 19.5 61.4 33.8 96 33.8s67.9-14.3 96-33.8c28.1 19.5 61.4 33.8 96 33.8s67.9-14.3 96-33.8c14.4 10 38 24 66.7 30.4c12.9 2.9 25.8-5.2 28.7-18.2s-5.2-25.8-18.2-28.7c-22-4.9-44.3-16.7-61.3-31.8c-9.1-8.1-22.8-8.1-31.9 0c-21.6 18.6-51.2 33.9-80 33.9s-58.5-15.3-80-33.9c-9.1-8.1-22.8-8.1-31.9 0c-21.5 18.6-51.2 33.9-80 33.9s-58.5-15.3-80-33.9c-9.1-8.1-22.8-8.1-31.9 0zM256.5 193.9L403 318.1c13.8-3.2 27.9-9.6 40.2-18c2.4-1.7 4.9-3.2 7.5-4.5L295.9 164.3C319.7 151.4 347 144 376 144h80c13.3 0 24-10.7 24-24s-10.7-24-24-24H376c-119.3 0-216 96.7-216 216v2.2c10.8 4 21.9 6.2 32 6.2c5.4 0 10.7-.5 16-1.6V312c0-46.1 18.5-87.8 48.5-118.1z\"\/><\/svg><\/span>  Bathing shorts prohibited\n<\/li><li><span class=\"fc-icon\"><svg xmlns=\"http:\/\/www.w3.org\/2000\/svg\"  viewBox=\"0 0 512 512\" width=\"16px\" height=\"16px\"><!--! Font Awesome Pro 6.4.2 by @fontawesome - https:\/\/fontawesome.com License - https:\/\/fontawesome.com\/license (Commercial License) Copyright 2023 Fonticons, Inc.--><path d=\"M464 256A208 208 0 1 1 48 256a208 208 0 1 1 416 0zM0 256a256 256 0 1 0 512 0A256 256 0 1 0 0 256zM232 120V256c0 8 4 15.5 10.7 20l96 64c11 7.4 25.9 4.4 33.3-6.7s4.4-25.9-6.7-33.3L280 243.2V120c0-13.3-10.7-24-24-24s-24 10.7-24 24z\"\/><\/svg><\/span>  Open from 10 a.m. to 8 p.m.\n<\/li><\/ul><\/div><\/div><\/div>","protected":false},"excerpt":{"rendered":"<p>Your campsite in Vend\u00e9e with indoor swimming pool! A campsite in the Vend\u00e9e with a swimming pool: Camping du Lac du Jaunay The Vend\u00e9e is one of France&#8217;s most popular vacation destinations. In addition to its fine sandy beaches and pine forests, it also boasts a freshwater lake next to which our campsite, Camping du [&hellip;]<\/p>\n","protected":false},"author":1,"featured_media":0,"parent":0,"menu_order":0,"comment_status":"open","ping_status":"open","template":"","meta":{"_acf_changed":false,"footnotes":""},"acf":[],"_links":{"self":[{"href":"https:\/\/www.camping-du-lac-du-jaunay.com\/en\/wp-json\/wp\/v2\/pages\/1026"}],"collection":[{"href":"https:\/\/www.camping-du-lac-du-jaunay.com\/en\/wp-json\/wp\/v2\/pages"}],"about":[{"href":"https:\/\/www.camping-du-lac-du-jaunay.com\/en\/wp-json\/wp\/v2\/types\/page"}],"author":[{"embeddable":true,"href":"https:\/\/www.camping-du-lac-du-jaunay.com\/en\/wp-json\/wp\/v2\/users\/1"}],"replies":[{"embeddable":true,"href":"https:\/\/www.camping-du-lac-du-jaunay.com\/en\/wp-json\/wp\/v2\/comments?post=1026"}],"version-history":[{"count":2,"href":"https:\/\/www.camping-du-lac-du-jaunay.com\/en\/wp-json\/wp\/v2\/pages\/1026\/revisions"}],"predecessor-version":[{"id":1157,"href":"https:\/\/www.camping-du-lac-du-jaunay.com\/en\/wp-json\/wp\/v2\/pages\/1026\/revisions\/1157"}],"wp:attachment":[{"href":"https:\/\/www.camping-du-lac-du-jaunay.com\/en\/wp-json\/wp\/v2\/media?parent=1026"}],"curies":[{"name":"wp","href":"https:\/\/api.w.org\/{rel}","templated":true}]}}