{"id":1029,"date":"2024-10-23T10:25:34","date_gmt":"2024-10-23T08:25:34","guid":{"rendered":"https:\/\/www.camping-du-lac-du-jaunay.com\/votre-camping-en-vendee-avec-lac-de-peche\/"},"modified":"2024-11-22T12:10:37","modified_gmt":"2024-11-22T11:10:37","slug":"votre-camping-en-vendee-avec-lac-de-peche","status":"publish","type":"page","link":"https:\/\/www.camping-du-lac-du-jaunay.com\/en\/votre-camping-en-vendee-avec-lac-de-peche\/","title":{"rendered":"SEO &#8211; Fishing"},"content":{"rendered":"<div class=\"diaporama-header align-full\"><div class=\"gallery\"><figure class=\"gallery__item\"><picture><source srcset=\"https:\/\/www.camping-du-lac-du-jaunay.com\/wp-content\/uploads\/2024\/10\/peche-enfant-pere-lac-jaunay-420x420.webp\" media=\"(max-width: 210px)\"><source srcset=\"https:\/\/www.camping-du-lac-du-jaunay.com\/wp-content\/uploads\/2024\/10\/peche-enfant-pere-lac-jaunay-850x565.webp\" media=\"(max-width: 420px)\"><source srcset=\"https:\/\/www.camping-du-lac-du-jaunay.com\/wp-content\/uploads\/2024\/10\/peche-enfant-pere-lac-jaunay-768x511.webp\" media=\"(max-width: 850px)\"><source srcset=\"https:\/\/www.camping-du-lac-du-jaunay.com\/wp-content\/uploads\/2024\/10\/peche-enfant-pere-lac-jaunay-1024x681.webp\" media=\"(max-width: 1024px)\"><source srcset=\"https:\/\/www.camping-du-lac-du-jaunay.com\/wp-content\/uploads\/2024\/10\/peche-enfant-pere-lac-jaunay.webp\" media=\"(min-width: 1025px)\"><img loading=\"lazy\" decoding=\"async\" src=\"https:\/\/www.camping-du-lac-du-jaunay.com\/wp-content\/uploads\/2024\/10\/peche-enfant-pere-lac-jaunay-420x420.webp\" width=\"420\" height=\"210\" alt=\"\" title=\"\"><\/picture><\/figure><\/div><div class=\"diaporama-header__inner\"><h1 class=\"h1\" style=\"text-align: center;\">Your campsite in Vend\u00e9e <span class=\"fc-span\">with fishing lake<\/span><\/h1><\/div><\/div>\n\n<div class=\"group sec-05 align-full has-background has-gris-background-color\" style=\"background-color:var(--gris);\"><h2 style=\"text-align: center;\">Your campsite in Vend\u00e9e <span class=\"fc-span\">with fishing lake nearby<\/span><\/h2><p  style=\"text-align: center;\"  >Nature lovers will be in heaven at the Lac du Jaunay campsite in the Vend\u00e9e. The <strong>campsite is close to a<\/strong> 114-hectare <strong>fishing lake<\/strong>, so you&#8217;re sure to find the quiet spot you&#8217;re looking for.<\/p><p  style=\"text-align: center;\"  >Ideal for fishing enthusiasts, Lac du Jaunay will appeal to young and old alike. Come and discover the many species that inhabit the Lac du Jaunay. Carnivorous and cyprinid fish will be in the spotlight!<\/p><div class=\"gallery f-carousel fc-diapo-mob\" data-fancybox=\"gallery-mob\"><figure class=\"gallery__item\"><picture><source srcset=\"https:\/\/www.camping-du-lac-du-jaunay.com\/wp-content\/uploads\/2024\/10\/pere-enfant-peche-lac-420x420.webp\" media=\"(max-width: 210px)\"><source srcset=\"https:\/\/www.camping-du-lac-du-jaunay.com\/wp-content\/uploads\/2024\/10\/pere-enfant-peche-lac-850x565.webp\" media=\"(max-width: 420px)\"><source srcset=\"https:\/\/www.camping-du-lac-du-jaunay.com\/wp-content\/uploads\/2024\/10\/pere-enfant-peche-lac-768x510.webp\" media=\"(max-width: 850px)\"><source srcset=\"https:\/\/www.camping-du-lac-du-jaunay.com\/wp-content\/uploads\/2024\/10\/pere-enfant-peche-lac-1024x681.webp\" media=\"(max-width: 1024px)\"><source srcset=\"https:\/\/www.camping-du-lac-du-jaunay.com\/wp-content\/uploads\/2024\/10\/pere-enfant-peche-lac.webp\" media=\"(min-width: 1025px)\"><img decoding=\"async\" src=\"https:\/\/www.camping-du-lac-du-jaunay.com\/wp-content\/uploads\/2024\/10\/pere-enfant-peche-lac-420x420.webp\" width=\"420\" height=\"210\" loading=\"lazy\" alt=\"\" title=\"\"><\/picture><\/figure><figure class=\"gallery__item\"><picture><source srcset=\"https:\/\/www.camping-du-lac-du-jaunay.com\/wp-content\/uploads\/2024\/10\/peche-sur-ponton-420x420.webp\" media=\"(max-width: 210px)\"><source srcset=\"https:\/\/www.camping-du-lac-du-jaunay.com\/wp-content\/uploads\/2024\/10\/peche-sur-ponton-850x694.webp\" media=\"(max-width: 420px)\"><source srcset=\"https:\/\/www.camping-du-lac-du-jaunay.com\/wp-content\/uploads\/2024\/10\/peche-sur-ponton-768x627.webp\" media=\"(max-width: 850px)\"><source srcset=\"https:\/\/www.camping-du-lac-du-jaunay.com\/wp-content\/uploads\/2024\/10\/peche-sur-ponton-1024x836.webp\" media=\"(max-width: 1024px)\"><source srcset=\"https:\/\/www.camping-du-lac-du-jaunay.com\/wp-content\/uploads\/2024\/10\/peche-sur-ponton.webp\" media=\"(min-width: 1025px)\"><img decoding=\"async\" src=\"https:\/\/www.camping-du-lac-du-jaunay.com\/wp-content\/uploads\/2024\/10\/peche-sur-ponton-420x420.webp\" width=\"420\" height=\"210\" loading=\"lazy\" alt=\"\" title=\"\"><\/picture><\/figure><figure class=\"gallery__item\"><picture><source srcset=\"https:\/\/www.camping-du-lac-du-jaunay.com\/wp-content\/uploads\/2024\/10\/papi-enfant-peche-lac-420x420.webp\" media=\"(max-width: 210px)\"><source srcset=\"https:\/\/www.camping-du-lac-du-jaunay.com\/wp-content\/uploads\/2024\/10\/papi-enfant-peche-lac-850x567.webp\" media=\"(max-width: 420px)\"><source srcset=\"https:\/\/www.camping-du-lac-du-jaunay.com\/wp-content\/uploads\/2024\/10\/papi-enfant-peche-lac-768x512.webp\" media=\"(max-width: 850px)\"><source srcset=\"https:\/\/www.camping-du-lac-du-jaunay.com\/wp-content\/uploads\/2024\/10\/papi-enfant-peche-lac-1024x683.webp\" media=\"(max-width: 1024px)\"><source srcset=\"https:\/\/www.camping-du-lac-du-jaunay.com\/wp-content\/uploads\/2024\/10\/papi-enfant-peche-lac.webp\" media=\"(min-width: 1025px)\"><img decoding=\"async\" src=\"https:\/\/www.camping-du-lac-du-jaunay.com\/wp-content\/uploads\/2024\/10\/papi-enfant-peche-lac-420x420.webp\" width=\"420\" height=\"210\" loading=\"lazy\" alt=\"\" title=\"\"><\/picture><\/figure><\/div><\/div>\n\n<ul class=\"pictos bandeau\" style=\"background-color: var(--vert);\"><li><span class=\"fc-icon\"><svg xmlns=\"http:\/\/www.w3.org\/2000\/svg\"  viewBox=\"0 0 448 512\" width=\"16px\" height=\"16px\"><!--! Font Awesome Pro 6.4.2 by @fontawesome - https:\/\/fontawesome.com License - https:\/\/fontawesome.com\/license (Commercial License) Copyright 2023 Fonticons, Inc.--><path d=\"M280.4 48c-3.2 0-6.3 .5-9.3 1.4L206.6 69.2C136.1 90.9 88 156.1 88 229.8v42.9c22.7 3.8 40 23.6 40 47.3V464c0 26.5-21.5 48-48 48H48c-26.5 0-48-21.5-48-48V320c0-23.8 17.3-43.5 40-47.3V229.8C40 135 101.8 51.2 192.5 23.4L256.9 3.5C264.5 1.2 272.4 0 280.4 0c44 0 79.6 35.7 79.6 79.6V136c0 13.3-10.7 24-24 24s-24-10.7-24-24V79.6C312 62.2 297.8 48 280.4 48zM48 320V464H80V320H48zm208 24c0-71.6 55.6-127.8 89-148.1c4.3-2.6 9.6-2.6 14 0c33.5 20.3 89 76.6 89 148.1c0 32-16 80-64 112l27.3 27.3c3 3 4.7 7.1 4.7 11.3V496c0 8.8-7.2 16-16 16H304c-8.8 0-16-7.2-16-16v-1.4c0-4.2 1.7-8.3 4.7-11.3L320 456c-48-32-64-80-64-112zm128-32a24 24 0 1 0 -48 0 24 24 0 1 0 48 0z\"\/><\/svg><\/span>  Fishing lake nearby\n<\/li><li><span class=\"fc-icon\"><svg xmlns=\"http:\/\/www.w3.org\/2000\/svg\"  viewBox=\"0 0 576 512\" width=\"16px\" height=\"16px\"><!--! Font Awesome Pro 6.4.2 by @fontawesome - https:\/\/fontawesome.com License - https:\/\/fontawesome.com\/license (Commercial License) Copyright 2023 Fonticons, Inc.--><path d=\"M80 78.1c9.1-8.1 22.8-8.1 31.9 0c21.5 18.6 51.2 33.9 80 33.9s58.5-15.3 80-33.9c9.1-8.1 22.8-8.1 31.9 0c21.6 18.6 51.2 33.9 80 33.9s58.5-15.3 80-33.9c9.1-8.1 22.8-8.1 31.9 0c16.9 15.1 39.3 26.8 61.3 31.8c12.9 2.9 21.1 15.7 18.2 28.7s-15.7 21.1-28.7 18.2c-28.7-6.4-52.3-20.5-66.7-30.4c-28.1 19.5-61.4 33.8-96 33.8s-67.9-14.3-96-33.8c-28.1 19.5-61.4 33.8-96 33.8s-67.9-14.3-96-33.8c-14.4 10-38 24-66.7 30.4c-12.9 2.9-25.8-5.2-28.7-18.2s5.2-25.8 18.2-28.7C41 104.8 62.8 93 80 78.1zm0 288c9.1-8.1 22.8-8.1 31.9 0c21.5 18.6 51.2 33.9 80 33.9s58.5-15.3 80-33.9c9.1-8.1 22.8-8.1 31.9 0c21.6 18.6 51.2 33.9 80 33.9s58.5-15.3 80-33.9c9.1-8.1 22.8-8.1 31.9 0c16.9 15.1 39.3 26.8 61.3 31.8c12.9 2.9 21.1 15.7 18.2 28.7s-15.7 21.1-28.7 18.2c-28.7-6.4-52.3-20.5-66.7-30.4c-28.1 19.5-61.4 33.8-96 33.8s-67.9-14.3-96-33.8c-28.1 19.5-61.4 33.8-96 33.8s-67.9-14.3-96-33.8c-14.4 10-38 24-66.7 30.4c-12.9 2.9-25.8-5.2-28.7-18.2s5.2-25.8 18.2-28.7c22.2-5 44-16.8 61.2-31.7zm31.9-144c21.5 18.6 51.2 33.9 80 33.9s58.5-15.3 80-33.9c9.1-8.1 22.8-8.1 31.9 0c21.6 18.6 51.2 33.9 80 33.9s58.5-15.3 80-33.9c9.1-8.1 22.8-8.1 31.9 0c16.9 15.1 39.3 26.8 61.3 31.8c12.9 2.9 21.1 15.7 18.2 28.7s-15.7 21.1-28.7 18.2c-28.7-6.4-52.3-20.5-66.7-30.4c-28.1 19.5-61.4 33.8-96 33.8s-67.9-14.3-96-33.8c-28.1 19.5-61.4 33.8-96 33.8s-67.9-14.3-96-33.8c-14.4 10-38 24-66.7 30.4c-12.9 2.9-25.8-5.2-28.7-18.2s5.2-25.8 18.2-28.7c22.2-5 44-16.8 61.2-31.7c9.1-8.1 22.8-8.1 31.9 0z\"\/><\/svg><\/span>  Over 114 hectares\n<\/li><li><span class=\"fc-icon\"><svg xmlns=\"http:\/\/www.w3.org\/2000\/svg\"  viewBox=\"0 0 576 512\" width=\"16px\" height=\"16px\"><!--!Font Awesome Free 6.5.1 by @fontawesome - https:\/\/fontawesome.com License - https:\/\/fontawesome.com\/license\/free Copyright 2024 Fonticons, Inc.--><path d=\"M512 80c8.8 0 16 7.2 16 16V416c0 8.8-7.2 16-16 16H64c-8.8 0-16-7.2-16-16V96c0-8.8 7.2-16 16-16H512zM64 32C28.7 32 0 60.7 0 96V416c0 35.3 28.7 64 64 64H512c35.3 0 64-28.7 64-64V96c0-35.3-28.7-64-64-64H64zM208 256a64 64 0 1 0 0-128 64 64 0 1 0 0 128zm-32 32c-44.2 0-80 35.8-80 80c0 8.8 7.2 16 16 16H304c8.8 0 16-7.2 16-16c0-44.2-35.8-80-80-80H176zM376 144c-13.3 0-24 10.7-24 24s10.7 24 24 24h80c13.3 0 24-10.7 24-24s-10.7-24-24-24H376zm0 96c-13.3 0-24 10.7-24 24s10.7 24 24 24h80c13.3 0 24-10.7 24-24s-10.7-24-24-24H376z\"\/><\/svg><\/span>  Fishing card sales\n<\/li><\/ul>\n\n<div class=\"columns sec-10 has-fond-background-color has-background align-full\" style=\"background-color:var(--fond);\"><div class=\"columns__item media\"><div class=\"gallery height-adapt col-2 f-carousel fc-diapo\" data-fancybox=\"gallery\"><figure class=\"gallery__item\"><picture><source srcset=\"https:\/\/www.camping-du-lac-du-jaunay.com\/wp-content\/uploads\/2024\/10\/peche-couple-lac-420x420.webp\" media=\"(max-width: 210px)\"><source srcset=\"https:\/\/www.camping-du-lac-du-jaunay.com\/wp-content\/uploads\/2024\/10\/peche-couple-lac-567x850.webp\" media=\"(max-width: 420px)\"><source srcset=\"https:\/\/www.camping-du-lac-du-jaunay.com\/wp-content\/uploads\/2024\/10\/peche-couple-lac-768x1152.webp\" media=\"(max-width: 850px)\"><source srcset=\"https:\/\/www.camping-du-lac-du-jaunay.com\/wp-content\/uploads\/2024\/10\/peche-couple-lac-683x1024.webp\" media=\"(max-width: 1024px)\"><source srcset=\"https:\/\/www.camping-du-lac-du-jaunay.com\/wp-content\/uploads\/2024\/10\/peche-couple-lac.webp\" media=\"(min-width: 1025px)\"><img decoding=\"async\" src=\"https:\/\/www.camping-du-lac-du-jaunay.com\/wp-content\/uploads\/2024\/10\/peche-couple-lac-420x420.webp\" width=\"420\" height=\"210\" loading=\"lazy\" alt=\"\" title=\"\"><\/picture><\/figure><figure class=\"gallery__item\"><picture><source srcset=\"https:\/\/www.camping-du-lac-du-jaunay.com\/wp-content\/uploads\/2024\/10\/papi-peche-enfant-420x420.webp\" media=\"(max-width: 210px)\"><source srcset=\"https:\/\/www.camping-du-lac-du-jaunay.com\/wp-content\/uploads\/2024\/10\/papi-peche-enfant-567x850.webp\" media=\"(max-width: 420px)\"><source srcset=\"https:\/\/www.camping-du-lac-du-jaunay.com\/wp-content\/uploads\/2024\/10\/papi-peche-enfant-768x1152.webp\" media=\"(max-width: 850px)\"><source srcset=\"https:\/\/www.camping-du-lac-du-jaunay.com\/wp-content\/uploads\/2024\/10\/papi-peche-enfant-683x1024.webp\" media=\"(max-width: 1024px)\"><source srcset=\"https:\/\/www.camping-du-lac-du-jaunay.com\/wp-content\/uploads\/2024\/10\/papi-peche-enfant.webp\" media=\"(min-width: 1025px)\"><img decoding=\"async\" src=\"https:\/\/www.camping-du-lac-du-jaunay.com\/wp-content\/uploads\/2024\/10\/papi-peche-enfant-420x420.webp\" width=\"420\" height=\"210\" loading=\"lazy\" alt=\"\" title=\"\"><\/picture><\/figure><figure class=\"gallery__item\"><picture><source srcset=\"https:\/\/www.camping-du-lac-du-jaunay.com\/wp-content\/uploads\/2024\/10\/famille-peche-lac-420x420.webp\" media=\"(max-width: 210px)\"><source srcset=\"https:\/\/www.camping-du-lac-du-jaunay.com\/wp-content\/uploads\/2024\/10\/famille-peche-lac-850x506.webp\" media=\"(max-width: 420px)\"><source srcset=\"https:\/\/www.camping-du-lac-du-jaunay.com\/wp-content\/uploads\/2024\/10\/famille-peche-lac-768x457.webp\" media=\"(max-width: 850px)\"><source srcset=\"https:\/\/www.camping-du-lac-du-jaunay.com\/wp-content\/uploads\/2024\/10\/famille-peche-lac-1024x609.webp\" media=\"(max-width: 1024px)\"><source srcset=\"https:\/\/www.camping-du-lac-du-jaunay.com\/wp-content\/uploads\/2024\/10\/famille-peche-lac.webp\" media=\"(min-width: 1025px)\"><img decoding=\"async\" src=\"https:\/\/www.camping-du-lac-du-jaunay.com\/wp-content\/uploads\/2024\/10\/famille-peche-lac-420x420.webp\" width=\"420\" height=\"210\" loading=\"lazy\" alt=\"\" title=\"\"><\/picture><\/figure><\/div><\/div><div class=\"columns__item texte\"><h2>Camping du Lac de Jaunay, a <span class=\"fc-span\">paradise for fishing enthusiasts<\/span><\/h2><p   id=\"155\" >Fishermen, come and enjoy your passion in the peace and quiet of the<a href=\"https:\/\/www.camping-du-lac-du-jaunay.com\/en\/camping-en-vendee-avec-piscine\/\" data-type=\"page\" data-id=\"155\"> campsite<\/a>, while the teenagers have fun in the <a href=\"https:\/\/www.camping-du-lac-du-jaunay.com\/en\/camping-en-vendee-avec-piscine\/\" data-type=\"link\" data-id=\"https:\/\/www.camping-du-lac-du-jaunay.com\/en\/camping-en-vendee-avec-piscine\/\">campsite &#8216;s water park<\/a>. Find out all you need to know about our <strong>campsite with nearby fishing lake<\/strong>, by consulting <a href=\"https:\/\/www.camping-du-lac-du-jaunay.com\/en\/camping-avec-lac-de-peche\/\" data-type=\"page\" data-id=\"154\">the information on Lac du Jaunay<\/a>.<\/p><p   id=\"160\" >Fishing at the Lac du Jaunay campsite is a family pleasure. Don&#8217;t hesitate to <a href=\"https:\/\/www.camping-du-lac-du-jaunay.com\/en\/hebergements\/\" data-type=\"page\" data-id=\"160\">book your mobile home<\/a> at the <strong>campsite near the fishing lake<\/strong> to make the most of your activity. Long evenings are yours.<\/p><\/div><\/div>","protected":false},"excerpt":{"rendered":"<p>Your campsite in Vend\u00e9e with fishing lake Your campsite in Vend\u00e9e with fishing lake nearby Nature lovers will be in heaven at the Lac du Jaunay campsite in the Vend\u00e9e. The campsite is close to a 114-hectare fishing lake, so you&#8217;re sure to find the quiet spot you&#8217;re looking for. Ideal for fishing enthusiasts, Lac [&hellip;]<\/p>\n","protected":false},"author":1,"featured_media":0,"parent":0,"menu_order":0,"comment_status":"closed","ping_status":"closed","template":"","meta":{"_acf_changed":false,"footnotes":""},"acf":[],"_links":{"self":[{"href":"https:\/\/www.camping-du-lac-du-jaunay.com\/en\/wp-json\/wp\/v2\/pages\/1029"}],"collection":[{"href":"https:\/\/www.camping-du-lac-du-jaunay.com\/en\/wp-json\/wp\/v2\/pages"}],"about":[{"href":"https:\/\/www.camping-du-lac-du-jaunay.com\/en\/wp-json\/wp\/v2\/types\/page"}],"author":[{"embeddable":true,"href":"https:\/\/www.camping-du-lac-du-jaunay.com\/en\/wp-json\/wp\/v2\/users\/1"}],"replies":[{"embeddable":true,"href":"https:\/\/www.camping-du-lac-du-jaunay.com\/en\/wp-json\/wp\/v2\/comments?post=1029"}],"version-history":[{"count":2,"href":"https:\/\/www.camping-du-lac-du-jaunay.com\/en\/wp-json\/wp\/v2\/pages\/1029\/revisions"}],"predecessor-version":[{"id":1152,"href":"https:\/\/www.camping-du-lac-du-jaunay.com\/en\/wp-json\/wp\/v2\/pages\/1029\/revisions\/1152"}],"wp:attachment":[{"href":"https:\/\/www.camping-du-lac-du-jaunay.com\/en\/wp-json\/wp\/v2\/media?parent=1029"}],"curies":[{"name":"wp","href":"https:\/\/api.w.org\/{rel}","templated":true}]}}