{"id":1035,"date":"2024-10-23T10:25:34","date_gmt":"2024-10-23T08:25:34","guid":{"rendered":"https:\/\/www.camping-du-lac-du-jaunay.com\/la-piscine-bien-etre\/"},"modified":"2024-11-22T13:54:17","modified_gmt":"2024-11-22T12:54:17","slug":"la-piscine-bien-etre","status":"publish","type":"page","link":"https:\/\/www.camping-du-lac-du-jaunay.com\/en\/la-piscine-bien-etre\/","title":{"rendered":"SEO &#8211; Swimming pool"},"content":{"rendered":"<div class=\"diaporama-header align-full\"><div class=\"gallery\"><figure class=\"gallery__item\"><picture><source srcset=\"https:\/\/www.camping-du-lac-du-jaunay.com\/wp-content\/uploads\/2024\/10\/jeu-ballon-piscine-420x420.webp\" media=\"(max-width: 210px)\"><source srcset=\"https:\/\/www.camping-du-lac-du-jaunay.com\/wp-content\/uploads\/2024\/10\/jeu-ballon-piscine-850x596.webp\" media=\"(max-width: 420px)\"><source srcset=\"https:\/\/www.camping-du-lac-du-jaunay.com\/wp-content\/uploads\/2024\/10\/jeu-ballon-piscine-768x539.webp\" media=\"(max-width: 850px)\"><source srcset=\"https:\/\/www.camping-du-lac-du-jaunay.com\/wp-content\/uploads\/2024\/10\/jeu-ballon-piscine-1024x718.webp\" media=\"(max-width: 1024px)\"><source srcset=\"https:\/\/www.camping-du-lac-du-jaunay.com\/wp-content\/uploads\/2024\/10\/jeu-ballon-piscine.webp\" media=\"(min-width: 1025px)\"><img loading=\"lazy\" decoding=\"async\" src=\"https:\/\/www.camping-du-lac-du-jaunay.com\/wp-content\/uploads\/2024\/10\/jeu-ballon-piscine-420x420.webp\" width=\"420\" height=\"210\" alt=\"\" title=\"\"><\/picture><\/figure><\/div><div class=\"diaporama-header__inner\"><h1 class=\"h1\" style=\"text-align: center;\">Your campsite in Vend\u00e9e <span class=\"fc-span\">with a wellness pool<\/span><\/h1><\/div><\/div>\n\n<div class=\"group sec-05 align-full has-background has-gris-background-color\" style=\"background-color:var(--gris);\"><h2 class=\"h2\" style=\"text-align: center;\">Lac du Jaunay campsite <span class=\"fc-span\">in Vend\u00e9e with swimming pool<\/span><\/h2><p  style=\"text-align: center;\"  >Stay at our <strong>3-star campsite with swimming pool in the Vend\u00e9e<\/strong>. Located in Landevieille, come and relax alone or with your family in our aquatic area. You&#8217;ll find everything you need for an unforgettable time. You&#8217;ll love our paddling pool, whirlpool and massage jets! With our 2-lane pentagliss and waterslide, it&#8217;s all about sliding competitions and thrills.    <\/p><div class=\"lireplus fc-mob\"><p  style=\"text-align: center;\"  >Read more<\/p><div class=\"group\"><p  style=\"text-align: center;\" id=\"155\" >Take advantage of your stay at our Lac du Jaunay campsite to relax and enjoy unique family moments. And if the sun doesn&#8217;t shine, our campsite in the <a href=\"https:\/\/www.camping-du-lac-du-jaunay.com\/en\/camping-en-vendee-avec-piscine\/\" data-type=\"page\" data-id=\"155\"><strong>campsite in the Vend\u00e9e has an indoor swimming pool<\/strong><\/a>. <\/p><\/div><\/div><div class=\"gallery f-carousel fc-diapo-mob\" data-fancybox=\"gallery-mob\"><figure class=\"gallery__item\"><picture><source srcset=\"https:\/\/www.camping-du-lac-du-jaunay.com\/wp-content\/uploads\/2024\/10\/piscine-transat-espace-aquatique-420x420.webp\" media=\"(max-width: 210px)\"><source srcset=\"https:\/\/www.camping-du-lac-du-jaunay.com\/wp-content\/uploads\/2024\/10\/piscine-transat-espace-aquatique-850x536.webp\" media=\"(max-width: 420px)\"><source srcset=\"https:\/\/www.camping-du-lac-du-jaunay.com\/wp-content\/uploads\/2024\/10\/piscine-transat-espace-aquatique-768x484.webp\" media=\"(max-width: 850px)\"><source srcset=\"https:\/\/www.camping-du-lac-du-jaunay.com\/wp-content\/uploads\/2024\/10\/piscine-transat-espace-aquatique-1024x646.webp\" media=\"(max-width: 1024px)\"><source srcset=\"https:\/\/www.camping-du-lac-du-jaunay.com\/wp-content\/uploads\/2024\/10\/piscine-transat-espace-aquatique.webp\" media=\"(min-width: 1025px)\"><img decoding=\"async\" src=\"https:\/\/www.camping-du-lac-du-jaunay.com\/wp-content\/uploads\/2024\/10\/piscine-transat-espace-aquatique-420x420.webp\" width=\"420\" height=\"210\" loading=\"lazy\" alt=\"\" title=\"\"><\/picture><\/figure><figure class=\"gallery__item\"><picture><source srcset=\"https:\/\/www.camping-du-lac-du-jaunay.com\/wp-content\/uploads\/2024\/10\/piscine-avec-transats-420x420.webp\" media=\"(max-width: 210px)\"><source srcset=\"https:\/\/www.camping-du-lac-du-jaunay.com\/wp-content\/uploads\/2024\/10\/piscine-avec-transats-850x567.webp\" media=\"(max-width: 420px)\"><source srcset=\"https:\/\/www.camping-du-lac-du-jaunay.com\/wp-content\/uploads\/2024\/10\/piscine-avec-transats-768x512.webp\" media=\"(max-width: 850px)\"><source srcset=\"https:\/\/www.camping-du-lac-du-jaunay.com\/wp-content\/uploads\/2024\/10\/piscine-avec-transats-1024x683.webp\" media=\"(max-width: 1024px)\"><source srcset=\"https:\/\/www.camping-du-lac-du-jaunay.com\/wp-content\/uploads\/2024\/10\/piscine-avec-transats.webp\" media=\"(min-width: 1025px)\"><img decoding=\"async\" src=\"https:\/\/www.camping-du-lac-du-jaunay.com\/wp-content\/uploads\/2024\/10\/piscine-avec-transats-420x420.webp\" width=\"420\" height=\"210\" loading=\"lazy\" alt=\"\" title=\"\"><\/picture><\/figure><figure class=\"gallery__item\"><picture><source srcset=\"https:\/\/www.camping-du-lac-du-jaunay.com\/wp-content\/uploads\/2024\/10\/piscine-toboggan-420x420.webp\" media=\"(max-width: 210px)\"><source srcset=\"https:\/\/www.camping-du-lac-du-jaunay.com\/wp-content\/uploads\/2024\/10\/piscine-toboggan-850x567.webp\" media=\"(max-width: 420px)\"><source srcset=\"https:\/\/www.camping-du-lac-du-jaunay.com\/wp-content\/uploads\/2024\/10\/piscine-toboggan-768x512.webp\" media=\"(max-width: 850px)\"><source srcset=\"https:\/\/www.camping-du-lac-du-jaunay.com\/wp-content\/uploads\/2024\/10\/piscine-toboggan-1024x683.webp\" media=\"(max-width: 1024px)\"><source srcset=\"https:\/\/www.camping-du-lac-du-jaunay.com\/wp-content\/uploads\/2024\/10\/piscine-toboggan.webp\" media=\"(min-width: 1025px)\"><img decoding=\"async\" src=\"https:\/\/www.camping-du-lac-du-jaunay.com\/wp-content\/uploads\/2024\/10\/piscine-toboggan-420x420.webp\" width=\"420\" height=\"210\" loading=\"lazy\" alt=\"\" title=\"\"><\/picture><\/figure><\/div><\/div>\n\n<div class=\"columns sec-10 reverse-mob align-full\"><div class=\"columns__item media\"><div class=\"gallery height-adapt col-2 f-carousel fc-diapo\" data-fancybox=\"gallery\"><figure class=\"gallery__item\"><picture><source srcset=\"https:\/\/www.camping-du-lac-du-jaunay.com\/wp-content\/uploads\/2024\/10\/piscine-interieure-420x420.webp\" media=\"(max-width: 210px)\"><source srcset=\"https:\/\/www.camping-du-lac-du-jaunay.com\/wp-content\/uploads\/2024\/10\/piscine-interieure-850x591.webp\" media=\"(max-width: 420px)\"><source srcset=\"https:\/\/www.camping-du-lac-du-jaunay.com\/wp-content\/uploads\/2024\/10\/piscine-interieure-768x534.webp\" media=\"(max-width: 850px)\"><source srcset=\"https:\/\/www.camping-du-lac-du-jaunay.com\/wp-content\/uploads\/2024\/10\/piscine-interieure-1024x713.webp\" media=\"(max-width: 1024px)\"><source srcset=\"https:\/\/www.camping-du-lac-du-jaunay.com\/wp-content\/uploads\/2024\/10\/piscine-interieure.webp\" media=\"(min-width: 1025px)\"><img decoding=\"async\" src=\"https:\/\/www.camping-du-lac-du-jaunay.com\/wp-content\/uploads\/2024\/10\/piscine-interieure-420x420.webp\" width=\"420\" height=\"210\" loading=\"lazy\" alt=\"\" title=\"\"><\/picture><\/figure><figure class=\"gallery__item\"><picture><source srcset=\"https:\/\/www.camping-du-lac-du-jaunay.com\/wp-content\/uploads\/2024\/10\/plongeon-enfant-piscine-420x420.webp\" media=\"(max-width: 210px)\"><source srcset=\"https:\/\/www.camping-du-lac-du-jaunay.com\/wp-content\/uploads\/2024\/10\/plongeon-enfant-piscine-563x850.webp\" media=\"(max-width: 420px)\"><source srcset=\"https:\/\/www.camping-du-lac-du-jaunay.com\/wp-content\/uploads\/2024\/10\/plongeon-enfant-piscine-768x1160.webp\" media=\"(max-width: 850px)\"><source srcset=\"https:\/\/www.camping-du-lac-du-jaunay.com\/wp-content\/uploads\/2024\/10\/plongeon-enfant-piscine-678x1024.webp\" media=\"(max-width: 1024px)\"><source srcset=\"https:\/\/www.camping-du-lac-du-jaunay.com\/wp-content\/uploads\/2024\/10\/plongeon-enfant-piscine.webp\" media=\"(min-width: 1025px)\"><img decoding=\"async\" src=\"https:\/\/www.camping-du-lac-du-jaunay.com\/wp-content\/uploads\/2024\/10\/plongeon-enfant-piscine-420x420.webp\" width=\"420\" height=\"210\" loading=\"lazy\" alt=\"\" title=\"\"><\/picture><\/figure><figure class=\"gallery__item\"><picture><source srcset=\"https:\/\/www.camping-du-lac-du-jaunay.com\/wp-content\/uploads\/2024\/10\/enfant-jeu-piscine-420x420.webp\" media=\"(max-width: 210px)\"><source srcset=\"https:\/\/www.camping-du-lac-du-jaunay.com\/wp-content\/uploads\/2024\/10\/enfant-jeu-piscine-567x850.webp\" media=\"(max-width: 420px)\"><source srcset=\"https:\/\/www.camping-du-lac-du-jaunay.com\/wp-content\/uploads\/2024\/10\/enfant-jeu-piscine-768x1152.webp\" media=\"(max-width: 850px)\"><source srcset=\"https:\/\/www.camping-du-lac-du-jaunay.com\/wp-content\/uploads\/2024\/10\/enfant-jeu-piscine-683x1024.webp\" media=\"(max-width: 1024px)\"><source srcset=\"https:\/\/www.camping-du-lac-du-jaunay.com\/wp-content\/uploads\/2024\/10\/enfant-jeu-piscine.webp\" media=\"(min-width: 1025px)\"><img decoding=\"async\" src=\"https:\/\/www.camping-du-lac-du-jaunay.com\/wp-content\/uploads\/2024\/10\/enfant-jeu-piscine-420x420.webp\" width=\"420\" height=\"210\" loading=\"lazy\" alt=\"\" title=\"\"><\/picture><\/figure><\/div><\/div><div class=\"columns__item texte\"><h2>Enjoy our Vend\u00e9e campsite <span class=\"fc-span\">with heated swimming pool<\/span><\/h2><p    >Our <strong>campsite in Vend\u00e9e with swimming pool<\/strong> offers an aquatic area of over 1000m\u00b2, 252m\u00b2 of which is covered.<\/p><h3>Outdoor swimming pool<\/h3><p    >Large infinity pool, approx. 25m x 10m, 14.10m to 1.80m deep, with small 6m by 5m pool, 0.50m deep.<\/p><div class=\"lireplus fc-mob\"><p    >Read more<\/p><div class=\"group\"><h3>Indoor pool<\/h3><p    >74m\u00b2 indoor pool, 1.40m deep, rounded shape with massaging jets and whirlpool, with a 19m\u00b2 covered paddling pool, 25cm deep, with a small slide and water games for the little ones to enjoy. The pool is heated during the season. Our <strong>campsite in the Vend\u00e9e has an<\/strong> indoor <strong>swimming pool<\/strong> that&#8217;s sure to please.  <\/p><\/div><\/div><\/div><\/div>\n\n<div class=\"columns sec-10 has-fond-background-color has-background align-full\" style=\"background-color:var(--fond);\"><div class=\"columns__item texte\"><h3 class=\"h2\">Practical info<\/h3><p    >Our <strong>campsite in the Vend\u00e9e opens the doors of the swimming pool<\/strong> every day from 10am to 8pm and some evenings from 9pm to 11pm for evening activities. Activities such as water polo are on offer throughout the summer. There&#8217;s something for everyone, young and old alike.  <\/p><div class=\"lireplus fc-mob\"><p    >Read more<\/p><div class=\"group\"><p    >Please note:<\/p><ul><li>Swimming shorts are forbidden\n<\/li><li>Children&#8217;s swimming is under parental supervision.\n<\/li><li><a href=\"https:\/\/www.camping-du-lac-du-jaunay.com\/en\/activites\/\" data-type=\"page\" data-id=\"153\">Discover all the activities<\/a> on offer at the Lac du Jaunay campsite\n<\/li><li><a href=\"https:\/\/www.camping-du-lac-du-jaunay.com\/en\/hebergements\/\" data-type=\"page\" data-id=\"160\">Book your stay<\/a> at our <strong>Vend\u00e9e campsite with indoor swimming pool<\/strong> <a href=\"https:\/\/www.camping-du-lac-du-jaunay.com\/en\/hebergements\/\" data-type=\"page\" data-id=\"160\">now<\/a>.\n<\/li><\/ul><\/div><\/div><\/div><div class=\"columns__item media\"><div class=\"gallery height-adapt col-2\"><figure class=\"gallery__item\"><picture><source srcset=\"https:\/\/www.camping-du-lac-du-jaunay.com\/wp-content\/uploads\/2024\/10\/piscine-avec-toboggan-420x420.webp\" media=\"(max-width: 210px)\"><source srcset=\"https:\/\/www.camping-du-lac-du-jaunay.com\/wp-content\/uploads\/2024\/10\/piscine-avec-toboggan-850x567.webp\" media=\"(max-width: 420px)\"><source srcset=\"https:\/\/www.camping-du-lac-du-jaunay.com\/wp-content\/uploads\/2024\/10\/piscine-avec-toboggan-768x512.webp\" media=\"(max-width: 850px)\"><source srcset=\"https:\/\/www.camping-du-lac-du-jaunay.com\/wp-content\/uploads\/2024\/10\/piscine-avec-toboggan-1024x683.webp\" media=\"(max-width: 1024px)\"><source srcset=\"https:\/\/www.camping-du-lac-du-jaunay.com\/wp-content\/uploads\/2024\/10\/piscine-avec-toboggan.webp\" media=\"(min-width: 1025px)\"><img decoding=\"async\" src=\"https:\/\/www.camping-du-lac-du-jaunay.com\/wp-content\/uploads\/2024\/10\/piscine-avec-toboggan-420x420.webp\" width=\"420\" height=\"210\" loading=\"lazy\" alt=\"\" title=\"\"><\/picture><\/figure><\/div><\/div><\/div>","protected":false},"excerpt":{"rendered":"<p>Your campsite in Vend\u00e9e with a wellness pool Lac du Jaunay campsite in Vend\u00e9e with swimming pool Stay at our 3-star campsite with swimming pool in the Vend\u00e9e. Located in Landevieille, come and relax alone or with your family in our aquatic area. You&#8217;ll find everything you need for an unforgettable time. You&#8217;ll love our [&hellip;]<\/p>\n","protected":false},"author":1,"featured_media":0,"parent":0,"menu_order":0,"comment_status":"closed","ping_status":"closed","template":"","meta":{"_acf_changed":false,"footnotes":""},"acf":[],"_links":{"self":[{"href":"https:\/\/www.camping-du-lac-du-jaunay.com\/en\/wp-json\/wp\/v2\/pages\/1035"}],"collection":[{"href":"https:\/\/www.camping-du-lac-du-jaunay.com\/en\/wp-json\/wp\/v2\/pages"}],"about":[{"href":"https:\/\/www.camping-du-lac-du-jaunay.com\/en\/wp-json\/wp\/v2\/types\/page"}],"author":[{"embeddable":true,"href":"https:\/\/www.camping-du-lac-du-jaunay.com\/en\/wp-json\/wp\/v2\/users\/1"}],"replies":[{"embeddable":true,"href":"https:\/\/www.camping-du-lac-du-jaunay.com\/en\/wp-json\/wp\/v2\/comments?post=1035"}],"version-history":[{"count":2,"href":"https:\/\/www.camping-du-lac-du-jaunay.com\/en\/wp-json\/wp\/v2\/pages\/1035\/revisions"}],"predecessor-version":[{"id":1154,"href":"https:\/\/www.camping-du-lac-du-jaunay.com\/en\/wp-json\/wp\/v2\/pages\/1035\/revisions\/1154"}],"wp:attachment":[{"href":"https:\/\/www.camping-du-lac-du-jaunay.com\/en\/wp-json\/wp\/v2\/media?parent=1035"}],"curies":[{"name":"wp","href":"https:\/\/api.w.org\/{rel}","templated":true}]}}