{"id":1036,"date":"2024-10-23T10:25:34","date_gmt":"2024-10-23T08:25:34","guid":{"rendered":"https:\/\/www.camping-du-lac-du-jaunay.com\/camping-avec-lac-de-peche\/"},"modified":"2025-05-21T15:28:10","modified_gmt":"2025-05-21T13:28:10","slug":"camping-avec-lac-de-peche","status":"publish","type":"page","link":"https:\/\/www.camping-du-lac-du-jaunay.com\/en\/camping-avec-lac-de-peche\/","title":{"rendered":"Lake fishing"},"content":{"rendered":"<div class=\"diaporama-header align-full\"><div class=\"gallery\"><figure class=\"gallery__item\"><picture><source srcset=\"https:\/\/www.camping-du-lac-du-jaunay.com\/wp-content\/uploads\/2024\/10\/famille-peche-lac-420x420.webp\" media=\"(max-width: 210px)\"><source srcset=\"https:\/\/www.camping-du-lac-du-jaunay.com\/wp-content\/uploads\/2024\/10\/famille-peche-lac-850x506.webp\" media=\"(max-width: 420px)\"><source srcset=\"https:\/\/www.camping-du-lac-du-jaunay.com\/wp-content\/uploads\/2024\/10\/famille-peche-lac-768x457.webp\" media=\"(max-width: 850px)\"><source srcset=\"https:\/\/www.camping-du-lac-du-jaunay.com\/wp-content\/uploads\/2024\/10\/famille-peche-lac-1024x609.webp\" media=\"(max-width: 1024px)\"><source srcset=\"https:\/\/www.camping-du-lac-du-jaunay.com\/wp-content\/uploads\/2024\/10\/famille-peche-lac.webp\" media=\"(min-width: 1025px)\"><img loading=\"lazy\" decoding=\"async\" src=\"https:\/\/www.camping-du-lac-du-jaunay.com\/wp-content\/uploads\/2024\/10\/famille-peche-lac-420x420.webp\" width=\"420\" height=\"210\" alt=\"\" title=\"\"><\/picture><\/figure><\/div><div class=\"diaporama-header__inner\"><h1 class=\"h1\" style=\"text-align: center;\">Your campsite with fishing lake <span class=\"fc-span\">in Vend\u00e9e<\/span><\/h1><\/div><\/div>\n\n<div class=\"group sec-05 align-full has-background has-gris-background-color\" style=\"background-color:var(--gris);\"><h2 style=\"text-align: center;\">Camping holidays with fishing lake <span class=\"fc-span\">in Vend\u00e9e<\/span><\/h2><p  style=\"text-align: center;\" id=\"157\" >A vacation in the Vend\u00e9e is first and foremost an opportunity to discover a French department rich in natural sites. The area around the C\u00f4te de Lumi\u00e8re boasts a diversity of landscapes and activities that bodes well for a successful family vacation! Sea, mountain, lake, river, pond or <strong><a href=\"https:\/\/www.camping-du-lac-du-jaunay.com\/en\/votre-camping-en-vendee-avec-lac-de-peche\/\" data-type=\"page\" data-id=\"157\">fishing lake<\/a><\/strong>there&#8217;s no need to choose, since the area is the perfect concentration of all these assets!  <\/p><div class=\"lireplus fc-mob\"><p  style=\"text-align: center;\"  >Read more<\/p><div class=\"group\"><p  style=\"text-align: center;\"  >If you&#8217;re passionate about <strong>fishing<\/strong>, but don&#8217;t have the time to do it all year round, why not opt for a <strong>campsite with a fishing lake<\/strong> nearby? The Lac du Jaunay campsite gives you direct access to the banks of the lake, so you can enjoy your passion to the full, spend your days by the water and go<strong>fishing<\/strong> whenever you like&#8230; <\/p><\/div><\/div><div class=\"gallery f-carousel fc-diapo-mob\" data-fancybox=\"gallery-mob\"><figure class=\"gallery__item\"><picture><source srcset=\"https:\/\/www.camping-du-lac-du-jaunay.com\/wp-content\/uploads\/2024\/10\/enfants-peche-lac-420x420.webp\" media=\"(max-width: 210px)\"><source srcset=\"https:\/\/www.camping-du-lac-du-jaunay.com\/wp-content\/uploads\/2024\/10\/enfants-peche-lac-850x567.webp\" media=\"(max-width: 420px)\"><source srcset=\"https:\/\/www.camping-du-lac-du-jaunay.com\/wp-content\/uploads\/2024\/10\/enfants-peche-lac-768x512.webp\" media=\"(max-width: 850px)\"><source srcset=\"https:\/\/www.camping-du-lac-du-jaunay.com\/wp-content\/uploads\/2024\/10\/enfants-peche-lac-1024x683.webp\" media=\"(max-width: 1024px)\"><source srcset=\"https:\/\/www.camping-du-lac-du-jaunay.com\/wp-content\/uploads\/2024\/10\/enfants-peche-lac.webp\" media=\"(min-width: 1025px)\"><img decoding=\"async\" src=\"https:\/\/www.camping-du-lac-du-jaunay.com\/wp-content\/uploads\/2024\/10\/enfants-peche-lac-420x420.webp\" width=\"420\" height=\"210\" loading=\"lazy\" alt=\"\" title=\"\"><\/picture><\/figure><figure class=\"gallery__item\"><picture><source srcset=\"https:\/\/www.camping-du-lac-du-jaunay.com\/wp-content\/uploads\/2024\/10\/peche-poisson-420x420.webp\" media=\"(max-width: 210px)\"><source srcset=\"https:\/\/www.camping-du-lac-du-jaunay.com\/wp-content\/uploads\/2024\/10\/peche-poisson-850x567.webp\" media=\"(max-width: 420px)\"><source srcset=\"https:\/\/www.camping-du-lac-du-jaunay.com\/wp-content\/uploads\/2024\/10\/peche-poisson-768x512.webp\" media=\"(max-width: 850px)\"><source srcset=\"https:\/\/www.camping-du-lac-du-jaunay.com\/wp-content\/uploads\/2024\/10\/peche-poisson-1024x683.webp\" media=\"(max-width: 1024px)\"><source srcset=\"https:\/\/www.camping-du-lac-du-jaunay.com\/wp-content\/uploads\/2024\/10\/peche-poisson.webp\" media=\"(min-width: 1025px)\"><img decoding=\"async\" src=\"https:\/\/www.camping-du-lac-du-jaunay.com\/wp-content\/uploads\/2024\/10\/peche-poisson-420x420.webp\" width=\"420\" height=\"210\" loading=\"lazy\" alt=\"\" title=\"\"><\/picture><\/figure><figure class=\"gallery__item\"><picture><source srcset=\"https:\/\/www.camping-du-lac-du-jaunay.com\/wp-content\/uploads\/2024\/10\/peche-sur-ponton-420x420.webp\" media=\"(max-width: 210px)\"><source srcset=\"https:\/\/www.camping-du-lac-du-jaunay.com\/wp-content\/uploads\/2024\/10\/peche-sur-ponton-850x694.webp\" media=\"(max-width: 420px)\"><source srcset=\"https:\/\/www.camping-du-lac-du-jaunay.com\/wp-content\/uploads\/2024\/10\/peche-sur-ponton-768x627.webp\" media=\"(max-width: 850px)\"><source srcset=\"https:\/\/www.camping-du-lac-du-jaunay.com\/wp-content\/uploads\/2024\/10\/peche-sur-ponton-1024x836.webp\" media=\"(max-width: 1024px)\"><source srcset=\"https:\/\/www.camping-du-lac-du-jaunay.com\/wp-content\/uploads\/2024\/10\/peche-sur-ponton.webp\" media=\"(min-width: 1025px)\"><img decoding=\"async\" src=\"https:\/\/www.camping-du-lac-du-jaunay.com\/wp-content\/uploads\/2024\/10\/peche-sur-ponton-420x420.webp\" width=\"420\" height=\"210\" loading=\"lazy\" alt=\"\" title=\"\"><\/picture><\/figure><\/div><\/div>\n\n<div class=\"columns sec-10 reverse-mob align-full\"><div class=\"columns__item media\"><div class=\"gallery height-adapt col-2 f-carousel fc-diapo\" data-fancybox=\"gallery\"><figure class=\"gallery__item\"><picture><source srcset=\"https:\/\/www.camping-du-lac-du-jaunay.com\/wp-content\/uploads\/2024\/10\/pere-enfant-peche-lac-420x420.webp\" media=\"(max-width: 210px)\"><source srcset=\"https:\/\/www.camping-du-lac-du-jaunay.com\/wp-content\/uploads\/2024\/10\/pere-enfant-peche-lac-850x565.webp\" media=\"(max-width: 420px)\"><source srcset=\"https:\/\/www.camping-du-lac-du-jaunay.com\/wp-content\/uploads\/2024\/10\/pere-enfant-peche-lac-768x510.webp\" media=\"(max-width: 850px)\"><source srcset=\"https:\/\/www.camping-du-lac-du-jaunay.com\/wp-content\/uploads\/2024\/10\/pere-enfant-peche-lac-1024x681.webp\" media=\"(max-width: 1024px)\"><source srcset=\"https:\/\/www.camping-du-lac-du-jaunay.com\/wp-content\/uploads\/2024\/10\/pere-enfant-peche-lac.webp\" media=\"(min-width: 1025px)\"><img decoding=\"async\" src=\"https:\/\/www.camping-du-lac-du-jaunay.com\/wp-content\/uploads\/2024\/10\/pere-enfant-peche-lac-420x420.webp\" width=\"420\" height=\"210\" loading=\"lazy\" alt=\"\" title=\"\"><\/picture><\/figure><figure class=\"gallery__item\"><picture><source srcset=\"https:\/\/www.camping-du-lac-du-jaunay.com\/wp-content\/uploads\/2024\/10\/peche-couple-lac-420x420.webp\" media=\"(max-width: 210px)\"><source srcset=\"https:\/\/www.camping-du-lac-du-jaunay.com\/wp-content\/uploads\/2024\/10\/peche-couple-lac-567x850.webp\" media=\"(max-width: 420px)\"><source srcset=\"https:\/\/www.camping-du-lac-du-jaunay.com\/wp-content\/uploads\/2024\/10\/peche-couple-lac-768x1152.webp\" media=\"(max-width: 850px)\"><source srcset=\"https:\/\/www.camping-du-lac-du-jaunay.com\/wp-content\/uploads\/2024\/10\/peche-couple-lac-683x1024.webp\" media=\"(max-width: 1024px)\"><source srcset=\"https:\/\/www.camping-du-lac-du-jaunay.com\/wp-content\/uploads\/2024\/10\/peche-couple-lac.webp\" media=\"(min-width: 1025px)\"><img decoding=\"async\" src=\"https:\/\/www.camping-du-lac-du-jaunay.com\/wp-content\/uploads\/2024\/10\/peche-couple-lac-420x420.webp\" width=\"420\" height=\"210\" loading=\"lazy\" alt=\"\" title=\"\"><\/picture><\/figure><figure class=\"gallery__item\"><picture><source srcset=\"https:\/\/www.camping-du-lac-du-jaunay.com\/wp-content\/uploads\/2024\/10\/papi-peche-enfant-420x420.webp\" media=\"(max-width: 210px)\"><source srcset=\"https:\/\/www.camping-du-lac-du-jaunay.com\/wp-content\/uploads\/2024\/10\/papi-peche-enfant-567x850.webp\" media=\"(max-width: 420px)\"><source srcset=\"https:\/\/www.camping-du-lac-du-jaunay.com\/wp-content\/uploads\/2024\/10\/papi-peche-enfant-768x1152.webp\" media=\"(max-width: 850px)\"><source srcset=\"https:\/\/www.camping-du-lac-du-jaunay.com\/wp-content\/uploads\/2024\/10\/papi-peche-enfant-683x1024.webp\" media=\"(max-width: 1024px)\"><source srcset=\"https:\/\/www.camping-du-lac-du-jaunay.com\/wp-content\/uploads\/2024\/10\/papi-peche-enfant.webp\" media=\"(min-width: 1025px)\"><img decoding=\"async\" src=\"https:\/\/www.camping-du-lac-du-jaunay.com\/wp-content\/uploads\/2024\/10\/papi-peche-enfant-420x420.webp\" width=\"420\" height=\"210\" loading=\"lazy\" alt=\"\" title=\"\"><\/picture><\/figure><\/div><\/div><div class=\"columns__item texte\"><h2>A campsite with a <span class=\"fc-span\">nearby<\/span> fishing pond<\/h2><p    >Come and discover our 3-star campsite &#8220;Le Camping du Lac du Jaunay&#8221; at Landevieille in the Vend\u00e9e, in a green setting where the natural environment is ideal for relaxation. Located not far from the shores of Lac du Jaunay, the spot is ideal for fishing in a calm, relaxed atmosphere, or for enjoying water games with the whole family. <\/p><div class=\"lireplus fc-mob\"><p    >Read more<\/p><div class=\"group\"><p    >Our rental accommodation is set in a haven of peace stretching over 5 hectares. The environment is protected and nature reigns supreme. The campsite&#8217;s proximity to the lake makes it the ideal base for exploring the Vend\u00e9e coastline. But be warned: if you&#8217;re a <strong>fisherman<\/strong>, you may not want to leave the campsite, even for a seaside getaway on the Atlantic coast!   <\/p><\/div><\/div><\/div><\/div>\n\n<div class=\"columns sec-10 has-fond-background-color has-background align-full\" style=\"background-color:var(--fond);\"><div class=\"columns__item texte\"><h3 class=\"h2\">Lac du Jaunay campsite, a <span class=\"fc-span\">fisherman&#8217;s paradise<\/span><\/h3><p    ><strong>Fishing in the Vend\u00e9e<\/strong> is a common tourist activity, but enjoying a vacation at a campsite with a <strong>fishing pond<\/strong> nearby is a rare privilege. Not having to use your car to go fishing at any time of the day or night becomes a reality. To be able to indulge in authorized fishing without having to take the car, isn&#8217;t that the absolute dream for every angler on vacation?  <\/p><div class=\"lireplus fc-mob\"><p    >Read more<\/p><div class=\"group\"><p    >The 114-hectare Lac du Jaunay is just a few flip-flop strides from your accommodation. In a bucolic setting, it has been classified as <strong>a fishing reserve<\/strong> since 1980, to the delight of <strong>anglers<\/strong> and <strong>fly fishers<\/strong> alike. This idyllic setting enables experienced anglers and sports enthusiasts alike to combine their passion for this discipline with the other activities on offer at the campsite. Choosing accommodation close to a <strong>fishing area<\/strong> means you can combine the pleasures of solo fishing with an introduction to the sport for children and a real family vacation.   <\/p><\/div><\/div><\/div><div class=\"columns__item media\"><div class=\"gallery height-adapt col-2\"><figure class=\"gallery__item\"><picture><source srcset=\"https:\/\/www.camping-du-lac-du-jaunay.com\/wp-content\/uploads\/2024\/10\/lac-jaunay-branche-420x420.webp\" media=\"(max-width: 210px)\"><source srcset=\"https:\/\/www.camping-du-lac-du-jaunay.com\/wp-content\/uploads\/2024\/10\/lac-jaunay-branche-850x567.webp\" media=\"(max-width: 420px)\"><source srcset=\"https:\/\/www.camping-du-lac-du-jaunay.com\/wp-content\/uploads\/2024\/10\/lac-jaunay-branche-768x512.webp\" media=\"(max-width: 850px)\"><source srcset=\"https:\/\/www.camping-du-lac-du-jaunay.com\/wp-content\/uploads\/2024\/10\/lac-jaunay-branche-1024x683.webp\" media=\"(max-width: 1024px)\"><source srcset=\"https:\/\/www.camping-du-lac-du-jaunay.com\/wp-content\/uploads\/2024\/10\/lac-jaunay-branche.webp\" media=\"(min-width: 1025px)\"><img decoding=\"async\" src=\"https:\/\/www.camping-du-lac-du-jaunay.com\/wp-content\/uploads\/2024\/10\/lac-jaunay-branche-420x420.webp\" width=\"420\" height=\"210\" loading=\"lazy\" alt=\"\" title=\"\"><\/picture><\/figure><\/div><\/div><\/div>\n\n<div class=\"columns sec-10 reverse-mob has-vert-background-color has-background align-full\" style=\"background-color:var(--vert);\"><div class=\"columns__item media\"><div class=\"gallery height-adapt col-2\"><figure class=\"gallery__item\"><picture><source srcset=\"https:\/\/www.camping-du-lac-du-jaunay.com\/wp-content\/uploads\/2024\/10\/peche-lac-jaunay-420x420.webp\" media=\"(max-width: 210px)\"><source srcset=\"https:\/\/www.camping-du-lac-du-jaunay.com\/wp-content\/uploads\/2024\/10\/peche-lac-jaunay-850x430.webp\" media=\"(max-width: 420px)\"><source srcset=\"https:\/\/www.camping-du-lac-du-jaunay.com\/wp-content\/uploads\/2024\/10\/peche-lac-jaunay-768x389.webp\" media=\"(max-width: 850px)\"><source srcset=\"https:\/\/www.camping-du-lac-du-jaunay.com\/wp-content\/uploads\/2024\/10\/peche-lac-jaunay-1024x518.webp\" media=\"(max-width: 1024px)\"><source srcset=\"https:\/\/www.camping-du-lac-du-jaunay.com\/wp-content\/uploads\/2024\/10\/peche-lac-jaunay.webp\" media=\"(min-width: 1025px)\"><img decoding=\"async\" src=\"https:\/\/www.camping-du-lac-du-jaunay.com\/wp-content\/uploads\/2024\/10\/peche-lac-jaunay-420x420.webp\" width=\"420\" height=\"210\" loading=\"lazy\" alt=\"\" title=\"\"><\/picture><\/figure><\/div><\/div><div class=\"columns__item texte\"><h3 class=\"h2\">A dream vacation <span class=\"fc-span\">close to a fishing zone<\/span><\/h3><p    >There&#8217;s only one thing you need to do before you start camping on the water: pack your <strong>fishing rod<\/strong>, landing net and tackle, and we&#8217;ll take care of the rest!<\/p><p    >As soon as you arrive on site, you&#8217;ll be able to purchase day or weekly fishing cards from the campsite reception. If you wish to prepare your fishing season in advance, please contact the campsite reception for any information you may require. We also invite you to consult the &#8221; <a href=\"https:\/\/federation-peche-vendee.fr\/\" target=\"_blank\" rel=\"noreferrer noopener nofollow\">P\u00eache en Vend\u00e9e<\/a> &#8221; website, a real mine of information.<\/p><\/div><\/div>\n\n<div class=\"group sec-15 reverse-mob align-full\"><div class=\"gallery\"><figure class=\"gallery__item\"><picture><source srcset=\"https:\/\/www.camping-du-lac-du-jaunay.com\/wp-content\/uploads\/2024\/10\/peche-enfant-pere-lac-jaunay-420x420.webp\" media=\"(max-width: 210px)\"><source srcset=\"https:\/\/www.camping-du-lac-du-jaunay.com\/wp-content\/uploads\/2024\/10\/peche-enfant-pere-lac-jaunay-850x565.webp\" media=\"(max-width: 420px)\"><source srcset=\"https:\/\/www.camping-du-lac-du-jaunay.com\/wp-content\/uploads\/2024\/10\/peche-enfant-pere-lac-jaunay-768x511.webp\" media=\"(max-width: 850px)\"><source srcset=\"https:\/\/www.camping-du-lac-du-jaunay.com\/wp-content\/uploads\/2024\/10\/peche-enfant-pere-lac-jaunay-1024x681.webp\" media=\"(max-width: 1024px)\"><source srcset=\"https:\/\/www.camping-du-lac-du-jaunay.com\/wp-content\/uploads\/2024\/10\/peche-enfant-pere-lac-jaunay.webp\" media=\"(min-width: 1025px)\"><img decoding=\"async\" src=\"https:\/\/www.camping-du-lac-du-jaunay.com\/wp-content\/uploads\/2024\/10\/peche-enfant-pere-lac-jaunay-420x420.webp\" width=\"420\" height=\"210\" loading=\"lazy\" alt=\"\" title=\"\"><\/picture><\/figure><\/div><div class=\"columns\" style=\"align-items:bottom;\"><div class=\"columns__item texte has-blanc-background-color has-background\" style=\"align-self:flex-end;background-color:var(--blanc);\"><h3>Fishing activity: Day fishing or night fishing, <span class=\"fc-span\">at the Lac du Jaunay campsite<\/span>.<\/h3><p    >There are 2 main species of freshwater fish in the waters of Lac du Jaunay:<\/p><ul><li>Carnivorous fish (pike-perch, pike, perch, black-bass)\n<\/li><li>Cyprinids (carp, tench, roach, bream)\n<\/li><\/ul><p    >While fishing on the lake is open all year round, it is regulated for pike-perch and pike during part of the winter and spring (closed from the last Sunday in January to the second Saturday in May).<\/p><div class=\"lireplus fc-desk\"><p    >Read more<\/p><div class=\"group\"><p    >The summer season is therefore a particularly good time to hook them and feast on freshly caught fish during barbecue evenings with family and friends.<\/p><p    >More adventurous anglers can organize night fishing trips for carp, which are authorized at night along the 2 marked routes on the lake&#8217;s shores.<\/p><\/div><\/div><\/div><div class=\"columns__item has-blanc-background-color has-background\" style=\"align-self:flex-end;background-color:var(--blanc);\"><ul class=\"pictos\"><li><span class=\"fc-icon\"><svg xmlns=\"http:\/\/www.w3.org\/2000\/svg\"  viewBox=\"0 0 448 512\" width=\"16px\" height=\"16px\"><!--! Font Awesome Pro 6.4.2 by @fontawesome - https:\/\/fontawesome.com License - https:\/\/fontawesome.com\/license (Commercial License) Copyright 2023 Fonticons, Inc.--><path d=\"M280.4 48c-3.2 0-6.3 .5-9.3 1.4L206.6 69.2C136.1 90.9 88 156.1 88 229.8v42.9c22.7 3.8 40 23.6 40 47.3V464c0 26.5-21.5 48-48 48H48c-26.5 0-48-21.5-48-48V320c0-23.8 17.3-43.5 40-47.3V229.8C40 135 101.8 51.2 192.5 23.4L256.9 3.5C264.5 1.2 272.4 0 280.4 0c44 0 79.6 35.7 79.6 79.6V136c0 13.3-10.7 24-24 24s-24-10.7-24-24V79.6C312 62.2 297.8 48 280.4 48zM48 320V464H80V320H48zm208 24c0-71.6 55.6-127.8 89-148.1c4.3-2.6 9.6-2.6 14 0c33.5 20.3 89 76.6 89 148.1c0 32-16 80-64 112l27.3 27.3c3 3 4.7 7.1 4.7 11.3V496c0 8.8-7.2 16-16 16H304c-8.8 0-16-7.2-16-16v-1.4c0-4.2 1.7-8.3 4.7-11.3L320 456c-48-32-64-80-64-112zm128-32a24 24 0 1 0 -48 0 24 24 0 1 0 48 0z\"\/><\/svg><\/span>  Access to the fishing lake\n<\/li><li><span class=\"fc-icon\"><svg xmlns=\"http:\/\/www.w3.org\/2000\/svg\"  viewBox=\"0 0 640 512\" width=\"16px\" height=\"16px\"><!--! Font Awesome Pro 6.4.2 by @fontawesome - https:\/\/fontawesome.com License - https:\/\/fontawesome.com\/license (Commercial License) Copyright 2023 Fonticons, Inc.--><path d=\"M439.7 19.7c-1.5-8-6.9-14.7-14.4-17.8s-16.1-2.2-22.8 2.4L320 61.1 237.5 4.2c-6.7-4.6-15.3-5.5-22.8-2.4s-12.9 9.8-14.4 17.8l-18.1 98.5L83.7 136.3c-8 1.5-14.7 6.9-17.8 14.4s-2.2 16.1 2.4 22.8L125.1 256l0 0h53.2c0-4.8-1.4-9.5-4.2-13.6l-45.2-65.6 78.3-14.4c9.8-1.8 17.5-9.5 19.3-19.3l14.4-78.3L306.4 110c8.2 5.7 19 5.7 27.2 0l65.6-45.2 14.4 78.3c1.8 9.8 9.5 17.5 19.3 19.3l78.3 14.4L466 242.4c-2.8 4.1-4.2 8.9-4.2 13.6h53.2l0 0 56.9-82.5c4.6-6.7 5.5-15.3 2.4-22.8s-9.8-12.9-17.8-14.4l-98.5-18.1L439.7 19.7zM432 256c0-61.9-50.1-112-112-112s-112 50.1-112 112v0h48v0c0-35.3 28.7-64 64-64s64 28.7 64 64v0h48v0zm184 32H504c-13.3 0-24 10.7-24 24s10.7 24 24 24H616c13.3 0 24-10.7 24-24s-10.7-24-24-24zm-208 0H88c-13.3 0-24 10.7-24 24s10.7 24 24 24H408c13.3 0 24-10.7 24-24s-10.7-24-24-24zM576 400c0-13.3-10.7-24-24-24H24c-13.3 0-24 10.7-24 24s10.7 24 24 24H552c13.3 0 24-10.7 24-24zM88 464c-13.3 0-24 10.7-24 24s10.7 24 24 24H200c13.3 0 24-10.7 24-24s-10.7-24-24-24H88zm208 0c-13.3 0-24 10.7-24 24s10.7 24 24 24H616c13.3 0 24-10.7 24-24s-10.7-24-24-24H296z\"\/><\/svg><\/span>  Daytime fishing\n<\/li><li><span class=\"fc-icon\"><svg xmlns=\"http:\/\/www.w3.org\/2000\/svg\"  viewBox=\"0 0 512 512\" width=\"16px\" height=\"16px\"><!--! Font Awesome Pro 6.4.2 by @fontawesome - https:\/\/fontawesome.com License - https:\/\/fontawesome.com\/license (Commercial License) Copyright 2023 Fonticons, Inc.--><path d=\"M295.8 137.8c1 3.6 4.4 6.2 8.2 6.2s7.1-2.5 8.2-6.2l11-38.6 38.6-11c3.6-1 6.2-4.4 6.2-8.2s-2.5-7.1-6.2-8.2l-38.6-11-11-38.6c-1-3.6-4.4-6.2-8.2-6.2s-7.1 2.5-8.2 6.2l-11 38.6-38.6 11c-3.6 1-6.2 4.4-6.2 8.2s2.5 7.1 6.2 8.2l38.6 11 11 38.6zM403.8 310.8c1.6 5.5 6.6 9.2 12.2 9.2s10.7-3.8 12.2-9.2l16.6-58 58-16.6c5.5-1.6 9.2-6.6 9.2-12.2s-3.8-10.7-9.2-12.2l-58-16.6-16.6-58c-1.6-5.5-6.6-9.2-12.2-9.2s-10.7 3.8-12.2 9.2l-16.6 58-58 16.6c-5.5 1.6-9.2 6.6-9.2 12.2s3.8 10.7 9.2 12.2l58 16.6 16.6 58zM48 320c0-70 50-128.3 116.2-141.3C141.6 206.3 128 241.5 128 280c0 83.2 63.5 151.6 144.7 159.3c-23 15.6-50.8 24.7-80.7 24.7c-79.5 0-144-64.5-144-144zM192 128C86 128 0 214 0 320S86 512 192 512c69.4 0 130.2-36.9 163.9-92c5.3-8.7 4.6-19.9-2-27.8s-17.3-10.8-26.9-7.2c-12.1 4.5-25.3 7-39.1 7c-61.9 0-112-50.1-112-112c0-45 26.6-83.9 65-101.7c9.3-4.3 14.8-14 13.8-24.2s-8.4-18.6-18.3-20.9c-14.3-3.4-29.2-5.2-44.4-5.2z\"\/><\/svg><\/span>  Night fishing\n<\/li><\/ul><\/div><\/div><\/div>\n\n<div class=\"columns sec-10 reverse-mob has-gris-background-color has-background align-full\" style=\"background-color:var(--gris);\"><div class=\"columns__item media\"><div class=\"gallery height-adapt\"><figure class=\"gallery__item\"><picture><source srcset=\"https:\/\/www.camping-du-lac-du-jaunay.com\/wp-content\/uploads\/2024\/10\/randonnee-equipe-foret-420x420.webp\" media=\"(max-width: 210px)\"><source srcset=\"https:\/\/www.camping-du-lac-du-jaunay.com\/wp-content\/uploads\/2024\/10\/randonnee-equipe-foret-850x567.webp\" media=\"(max-width: 420px)\"><source srcset=\"https:\/\/www.camping-du-lac-du-jaunay.com\/wp-content\/uploads\/2024\/10\/randonnee-equipe-foret-768x512.webp\" media=\"(max-width: 850px)\"><source srcset=\"https:\/\/www.camping-du-lac-du-jaunay.com\/wp-content\/uploads\/2024\/10\/randonnee-equipe-foret-1024x683.webp\" media=\"(max-width: 1024px)\"><source srcset=\"https:\/\/www.camping-du-lac-du-jaunay.com\/wp-content\/uploads\/2024\/10\/randonnee-equipe-foret.webp\" media=\"(min-width: 1025px)\"><img decoding=\"async\" src=\"https:\/\/www.camping-du-lac-du-jaunay.com\/wp-content\/uploads\/2024\/10\/randonnee-equipe-foret-420x420.webp\" width=\"420\" height=\"210\" loading=\"lazy\" alt=\"\" title=\"\"><\/picture><\/figure><\/div><\/div><div class=\"columns__item texte\"><h3 class=\"h2\">Near your campsite <span class=\"fc-span\">with fishing lake in Vend\u00e9e<\/span><\/h3><p    >The Lac du Jaunay campsite is located close to a protected natural area. During your stay, you&#8217;ll be able to enjoy a wide range of walks and mountain bike rides, to share with your partner or your family. <\/p><p   id=\"254\" >The area around <a href=\"https:\/\/www.camping-du-lac-du-jaunay.com\/en\/alentours\/que-faire-au-lac-du-jaunay\/\" data-type=\"alentours\" data-id=\"254\">Lac du Jaunay<\/a> is ideal for <a href=\"https:\/\/www.camping-du-lac-du-jaunay.com\/nl\/alentours\/canoevasion\/\" data-type=\"link\" data-id=\"https:\/\/www.camping-du-lac-du-jaunay.com\/nl\/alentours\/canoevasion\/\">sporting activities<\/a> and rejuvenation, with 6 hiking trails, including a 13 km trail around your <strong>campsite with fishing lake<\/strong>, where you can enjoy the magnificent views and peaceful atmosphere of a place right in the heart of nature.<\/p><\/div><\/div>\n\n<div class=\"group sec-05 align-full has-background has-fond-background-color\" style=\"background-color:var(--fond);\"><h2 style=\"text-align: center;\">Book your stay at our <span class=\"fc-span\">fishing lake<\/span> campsite<\/h2><p  style=\"text-align: center;\"  >Do you love fishing and can&#8217;t imagine a vacation without your favorite pastime? By staying at our <strong>campsite with fishing lake<\/strong>, you can learn or improve your fishing skills in the Vend\u00e9e. During your vacation, enjoy the pleasures of fishing, the peace and quiet, those unique family moments and, of course, relaxing by the water.  <\/p><p  style=\"text-align: center;\" id=\"160\" >Don&#8217;t wait any longer and pack your fishing rods and tackle. <a href=\"https:\/\/www.camping-du-lac-du-jaunay.com\/en\/hebergements\/\" data-type=\"page\" data-id=\"160\">Book your mobile home<\/a> on our <strong>campsite with fishing lake<\/strong> for a vacation close to nature!<\/p><\/div>","protected":false},"excerpt":{"rendered":"<p>Your campsite with fishing lake in Vend\u00e9e Camping holidays with fishing lake in Vend\u00e9e A vacation in the Vend\u00e9e is first and foremost an opportunity to discover a French department rich in natural sites. The area around the C\u00f4te de Lumi\u00e8re boasts a diversity of landscapes and activities that bodes well for a successful family [&hellip;]<\/p>\n","protected":false},"author":1,"featured_media":0,"parent":0,"menu_order":0,"comment_status":"closed","ping_status":"closed","template":"","meta":{"_acf_changed":false,"footnotes":""},"acf":[],"_links":{"self":[{"href":"https:\/\/www.camping-du-lac-du-jaunay.com\/en\/wp-json\/wp\/v2\/pages\/1036"}],"collection":[{"href":"https:\/\/www.camping-du-lac-du-jaunay.com\/en\/wp-json\/wp\/v2\/pages"}],"about":[{"href":"https:\/\/www.camping-du-lac-du-jaunay.com\/en\/wp-json\/wp\/v2\/types\/page"}],"author":[{"embeddable":true,"href":"https:\/\/www.camping-du-lac-du-jaunay.com\/en\/wp-json\/wp\/v2\/users\/1"}],"replies":[{"embeddable":true,"href":"https:\/\/www.camping-du-lac-du-jaunay.com\/en\/wp-json\/wp\/v2\/comments?post=1036"}],"version-history":[{"count":5,"href":"https:\/\/www.camping-du-lac-du-jaunay.com\/en\/wp-json\/wp\/v2\/pages\/1036\/revisions"}],"predecessor-version":[{"id":1438,"href":"https:\/\/www.camping-du-lac-du-jaunay.com\/en\/wp-json\/wp\/v2\/pages\/1036\/revisions\/1438"}],"wp:attachment":[{"href":"https:\/\/www.camping-du-lac-du-jaunay.com\/en\/wp-json\/wp\/v2\/media?parent=1036"}],"curies":[{"name":"wp","href":"https:\/\/api.w.org\/{rel}","templated":true}]}}