{"id":1414,"date":"2025-03-25T15:22:03","date_gmt":"2025-03-25T14:22:03","guid":{"rendered":"https:\/\/www.camping-du-lac-du-jaunay.com\/?page_id=1414"},"modified":"2025-03-25T16:09:48","modified_gmt":"2025-03-25T15:09:48","slug":"faq-gb","status":"publish","type":"page","link":"https:\/\/www.camping-du-lac-du-jaunay.com\/en\/faq-gb\/","title":{"rendered":"FAQ GB"},"content":{"rendered":"<div class=\"diaporama-header align-full\"><div class=\"gallery\"><figure class=\"gallery__item\"><picture><source srcset=\"https:\/\/www.camping-du-lac-du-jaunay.com\/wp-content\/uploads\/2025\/03\/faq-jaunay-vendee-camping-420x420.jpg.webp\" media=\"(max-width: 210px)\"><source srcset=\"https:\/\/www.camping-du-lac-du-jaunay.com\/wp-content\/uploads\/2025\/03\/faq-jaunay-vendee-camping-850x567.jpg.webp\" media=\"(max-width: 420px)\"><source srcset=\"https:\/\/www.camping-du-lac-du-jaunay.com\/wp-content\/uploads\/2025\/03\/faq-jaunay-vendee-camping-768x513.jpg.webp\" media=\"(max-width: 850px)\"><source srcset=\"https:\/\/www.camping-du-lac-du-jaunay.com\/wp-content\/uploads\/2025\/03\/faq-jaunay-vendee-camping-1024x684.jpg.webp\" media=\"(max-width: 1024px)\"><source srcset=\"https:\/\/www.camping-du-lac-du-jaunay.com\/wp-content\/uploads\/2025\/03\/faq-jaunay-vendee-camping-scaled.jpg.webp\" media=\"(min-width: 1025px)\"><img loading=\"lazy\" decoding=\"async\" src=\"https:\/\/www.camping-du-lac-du-jaunay.com\/wp-content\/uploads\/2025\/03\/faq-jaunay-vendee-camping-420x420.jpg.webp\" width=\"420\" height=\"210\" alt=\"camping-jaunay-vend\u00e9e Informations G\u00e9n\u00e9rales\" title=\"\"><\/picture><\/figure><\/div><div class=\"diaporama-header__inner\"><\/div><\/div>\n\n<div class=\"group sec-05 align-full has-background has-gris-background-color\" style=\"background-color:var(--gris);\"><p  style=\"font-size: 27px;text-align: center;color: var(--vert);\"  >Plan your stay with peace of mind in the heart of the Vend\u00e9e.<\/p><h1 style=\"text-align: center;background-color: var(--gris);color: var(--blanc);\">Frequently asked questions about Camping Le Lac du Jaunay<\/h1><p  style=\"text-align: center;color: var(--vert);\"  >We have compiled the answers to the most frequently asked questions here to provide immediate answers and help you organise your stay at our Lac du Jaunay campsite.<\/p><\/div>\n\n<div class=\"group sec-05 align-full has-background has-vert-background-color\" style=\"background-color:var(--vert);\"><h2 style=\"text-align: center;background-color: var(--vert);color: var(--blanc);\">General information<\/h2><\/div>\n\n<div class=\"group sec-15 align-full\"><div class=\"lireplus fc-desk\"><p  style=\"font-size: 17px;text-align: center;background-color: var(--blanc);\"  ><strong>Quels sont les horaires d&#8217;ouvertures du service r\u00e9servation, lorsque le camping est ferm\u00e9 What are the opening hours of the reservations department when the campsite is closed<\/strong> <strong>?<\/strong><\/p><div class=\"group\"><p  style=\"text-align: center;\"  >The campsite reservation service is open Monday to Friday from 9am to 12.30pm and from 1.30pm to 5pm.<\/p><\/div><\/div><div class=\"lireplus fc-desk\"><p  style=\"font-size: 17px;text-align: center;background-color: var(--blanc);\"  ><strong>What is the minimum length of stay?<\/strong><\/p><div class=\"group\"><p  style=\"text-align: center;\"  ><strong>From 18 April to 12 July and from 1 to 28 September :<\/strong><\/p><p  style=\"text-align: center;\"  >Rented accommodation: minimum stay 2 nights<\/p><p  style=\"text-align: center;\"  >Bare pitch: Minimum stay 1 night<\/p><p  style=\"text-align: center;\"  ><strong>From 12 July to 31 August :<\/strong><\/p><p  style=\"text-align: center;\"  >Bare pitch: minimum stay 2 nights<\/p><p  style=\"text-align: center;\"  >Rented accommodation: Minimum stay 7 nights<\/p><\/div><\/div><div class=\"lireplus fc-desk\"><p  style=\"font-size: 17px;text-align: center;background-color: var(--blanc);\"  ><strong>What are the arrival and departure times for the rentals?<\/strong><\/p><div class=\"group\"><p  style=\"text-align: center;\"  >Arrival times for rental accommodation are from 4pm.<\/p><p  style=\"text-align: center;\"  >If you arrive after reception closing time, an envelope will be left in your name with the map and keys to your accommodation at the bar. Please contact reception on +33 2.51.22.91.61 to inform us of your late arrival.<\/p><p  style=\"text-align: center;\"  >Departure times for rentals are until 10am.<\/p><\/div><\/div><div class=\"lireplus fc-desk\"><p  style=\"font-size: 17px;text-align: center;background-color: var(--blanc);\"  ><strong>What are the arrival and departure times for campsites?<\/strong><\/p><div class=\"group\"><p  style=\"text-align: center;\"  >Arrival times for bare camping pitches are from 12h<\/p><p  style=\"text-align: center;\"  >Arrival times for pitches with individual sanitary facilities are from 2pm.<\/p><p  style=\"text-align: center;\"  >If you arrive after reception closing time, an envelope will be left in your name with the map and keys to your accommodation at the bar.<\/p><p  style=\"text-align: center;\"  >Departure times for pitches are until 12h.<\/p><\/div><\/div><div class=\"lireplus fc-desk\"><p  style=\"font-size: 17px;text-align: center;background-color: var(--blanc);\"  ><strong>Is there a parking space for my vehicle?<\/strong><\/p><div class=\"group\"><p  style=\"text-align: center;\"  >Yes, each pitch or accommodation includes a parking space on the pitch.<\/p><\/div><\/div><\/div>\n\n<div class=\"group sec-05 align-full has-background has-vert-background-color\" style=\"background-color:var(--vert);\"><h2 style=\"text-align: center;background-color: var(--vert);color: var(--blanc);\">Booking and payment<\/h2><\/div>\n\n<div class=\"group sec-05 align-full has-background has-blanc-background-color\" style=\"background-color:var(--blanc);\"><div class=\"lireplus fc-desk\"><p  style=\"font-size: 17px;text-align: center;background-color: var(--blanc);\"  ><strong>How do I book my holiday?<\/strong><\/p><div class=\"group\"><p  style=\"text-align: center;\"  >You can book your stay directly on our website or by telephone on +33 2.51.22.91.61. If you need any assistance, our team will be happy to help you.<\/p><\/div><\/div><div class=\"lireplus fc-desk\"><p  style=\"font-size: 17px;text-align: center;background-color: var(--blanc);\"  ><strong>Can I take out an option?<\/strong><\/p><div class=\"group\"><p  style=\"text-align: center;\"  >Of course, it is possible to place an option for a stay, valid within 10 days. This gives you time to think about the final details.<\/p><p  style=\"text-align: center;\"  >An option email will then be sent to you with a payment link to follow up this option. The option will then change to \u2018Booked\u2019 status on receipt of payment.<\/p><p  style=\"text-align: center;\"  >If the 10-day period is exceeded, the option will be deleted.<\/p><\/div><\/div><div class=\"lireplus fc-desk\"><p  style=\"font-size: 17px;text-align: center;background-color: var(--blanc);\"  ><strong>What methods of payment are accepted?<\/strong><\/p><div class=\"group\"><p  style=\"text-align: center;\"  >We accept the following methods of payment:<br><\/p><ul><li>Credit Card\n<\/li><li>Cash\n<\/li><\/ul><\/div><\/div><div class=\"lireplus fc-desk\"><p  style=\"font-size: 17px;text-align: center;background-color: var(--blanc);\"  ><strong>Do I have to pay a deposit?<\/strong><\/p><div class=\"group\"><p  style=\"text-align: center;\"  >A deposit of 30% of the total cost of your stay will be required at the time of booking. A booking confirmation will be sent to you on receipt of payment.<\/p><\/div><\/div><div class=\"lireplus fc-desk\"><p  style=\"font-size: 17px;text-align: center;background-color: var(--blanc);\"  ><strong>How can I change my booking?<\/strong><\/p><div class=\"group\"><p  style=\"text-align: center;\"  >Changes to your booking (dates of stay, category of accommodation, number of people) must be requested in writing by email to contact@camping-du-lac-du-jaunay.com or by telephone on +33 2.51.22.91.61. Reservations are subject to availability.<\/p><p  style=\"text-align: center;\"  >An email confirming the changes will be sent to you. If the requested changes are not possible, the original booking conditions will apply, or you may cancel your stay in accordance with our cancellation policy.<\/p><\/div><\/div><div class=\"lireplus fc-desk\"><p  style=\"font-size: 17px;text-align: center;background-color: var(--blanc);\"  ><strong>When do I have to pay the balance of my stay?<\/strong><\/p><div class=\"group\"><p  style=\"text-align: center;\"  >30 days before the start of your holiday.<\/p><p  style=\"text-align: center;\"  >If you wish to pay your balance by holiday vouchers, please contact us by telephone on +33 2.51.22.91.61 so that we can specify this on your booking form.<\/p><\/div><\/div><h2 style=\"text-align: center;background-color: var(--blanc);color: var(--blanc);\"><\/h2><\/div>\n\n<div class=\"group sec-05 align-full has-background has-vert-background-color\" style=\"background-color:var(--vert);\"><h2 style=\"text-align: center;background-color: var(--vert);color: var(--blanc);\">Regulations and policy<\/h2><\/div>\n\n<div class=\"group sec-05 align-full has-background has-blanc-background-color\" style=\"background-color:var(--blanc);\"><div class=\"lireplus fc-desk\"><p  style=\"font-size: 17px;text-align: center;background-color: var(--blanc);\"  ><strong>Do I have to pay a deposit for my rental?<\/strong><\/p><div class=\"group\"><p  style=\"text-align: center;\"  >Yes, a deposit of 200\u20ac will be required for the accommodation on arrival, by cheque.<\/p><p  style=\"text-align: center;\"  >There is also a \u20ac70 cleaning deposit, which may be debited if all the conditions are not met on departure.<\/p><\/div><\/div><div class=\"lireplus fc-desk\"><p  style=\"font-size: 17px;text-align: center;background-color: var(--blanc);\"  ><strong>Do I need to make an appointment for the outgoing inspection of my rental property?<\/strong><\/p><div class=\"group\"><p  style=\"text-align: center;\"  >Yes, a time for the inventory of fixtures will be arranged with reception, depending on the time slots available on the schedule, between 8am and 10am. Rented accommodation must be vacated before 10am.<\/p><p  style=\"text-align: center;\"  >The inventory of fixtures is carried out in your presence on the day of your departure, in order to check that your accommodation has been returned in a clean state, that there is no damage and that the keys have been returned. If everything is in order, your deposit will be returned in person. If you leave outside these times, the deposit will not be returned or destroyed until we have inspected the accommodation. The key must be left with our staff or, in the event of early departure, left in the letterbox.<\/p><\/div><\/div><div class=\"lireplus fc-desk\"><p  style=\"font-size: 17px;text-align: center;background-color: var(--blanc);\"  ><strong>What are the lake regulations?<\/strong><\/p><div class=\"group\"><p  style=\"text-align: center;\"  >The lake is closed to swimming, but water sports such as pedalos, paddling, canoeing and fishing are permitted.<\/p><\/div><\/div><div class=\"lireplus fc-desk\"><p  style=\"font-size: 17px;text-align: center;background-color: var(--blanc);\"  ><strong>What are the pool rules?<\/strong><\/p><div class=\"group\"><p  style=\"text-align: center;\"  >Please note that the swimming pools are not supervised. Children must be accompanied by a responsible adult at all times.<\/p><p  style=\"text-align: center;\"  >Appropriate swimming attire (no shorts or clothing) is required. It is forbidden to run or dive in the pool area.<\/p><\/div><\/div><div class=\"lireplus fc-desk\"><p  style=\"font-size: 17px;text-align: center;background-color: var(--blanc);\"  ><strong>Are campfires and charcoal barbecues permitted?<\/strong><\/p><div class=\"group\"><p  style=\"text-align: center;\"  >Campfires and open fires are strictly prohibited. Only barbecues using equipment approved by the management are permitted.<\/p><p  style=\"text-align: center;\"  >Gas barbecues can be hired for \u20ac3 per day.<\/p><\/div><\/div><div class=\"lireplus fc-desk\"><p  style=\"font-size: 17px;text-align: center;background-color: var(--blanc);\"  ><strong>Can I have visitors during my stay?<\/strong><\/p><div class=\"group\"><p  style=\"text-align: center;\"  >Visitors must report to reception and are admitted to the campsite under the responsibility of the campers receiving them. Campers may receive one or more visitors at reception.<\/p><p  style=\"text-align: center;\"  >If these visitors are allowed to enter the campsite, the camper receiving them must pay a fee of 5\u20ac, as the visitor has access to the campsite services and\/or facilities, with the exception of access to the swimming pool.<\/p><p  style=\"text-align: center;\"  >This fee is displayed at the entrance to the campsite and at the reception desk. Visitors&#8217; cars are not permitted on the campsite.<\/p><\/div><\/div><div class=\"lireplus fc-desk\"><p  style=\"font-size: 17px;text-align: center;background-color: var(--blanc);\"  ><strong>Are there any timetables for noise pollution?<\/strong><\/p><div class=\"group\"><p  style=\"text-align: center;\"  >The campsite is a place where everyone can relax. Please respect your neighbours, especially after 10pm.<\/p><p  style=\"text-align: center;\"  >Campsite users are urged to avoid any noise or discussion that might disturb their neighbours. Sound equipment must be adjusted accordingly. Doors and boot lids must be closed as discreetly as possible.<\/p><p  style=\"text-align: center;\"  >All customers are responsible for any disturbance or nuisance they cause, as well as that caused by people staying with them or visiting them.<\/p><p  style=\"text-align: center;\"  >Parents, you are responsible for your children! In the evening, they must cross the campsite in silence. There must be complete silence between 11pm and 7am.<\/p><\/div><\/div><h2 style=\"text-align: center;background-color: var(--blanc);color: var(--blanc);\"><\/h2><\/div>\n\n<div class=\"group sec-05 align-full has-background has-vert-background-color\" style=\"background-color:var(--vert);\"><h2 style=\"text-align: center;background-color: var(--vert);color: var(--blanc);\">Facilities and Services<\/h2><\/div>\n\n<div class=\"group sec-05 align-full has-background has-blanc-background-color\" style=\"background-color:var(--blanc);\"><div class=\"lireplus fc-desk\"><p  style=\"font-size: 17px;text-align: center;background-color: var(--blanc);\"  ><strong>Are pets allowed?<\/strong><\/p><div class=\"group\"><p  style=\"text-align: center;\"  >Yes, our furry friends are welcome!<\/p><p  style=\"text-align: center;\"  >Only 1st and 2nd category dogs are strictly forbidden on the campsite premises.<\/p><p  style=\"text-align: center;\"  >Pets are accepted in the accommodation and on the campsite pitches for a supplement of \u20ac8 per day per pet.<\/p><p  style=\"text-align: center;\"  >Animals must :<\/p><ul><li>be kept on a lead on the campsite premises\n<\/li><li>Not to be left alone in the accommodation\n<\/li><li>Their droppings must be collected by their owners\n<\/li><\/ul><\/div><\/div><div class=\"lireplus fc-desk\"><p  style=\"font-size: 17px;text-align: center;background-color: var(--blanc);\"  ><strong>What other services are available at the campsite?<\/strong><\/p><div class=\"group\"><p  style=\"text-align: center;\"  >Our campsite offers a range of services to make your stay a pleasant one:<\/p><ul><li>A bar-restaurant serving traditional cuisine and takeaways\n<\/li><li>A water park with an outdoor swimming pool and a paddling pool\n<\/li><li>A mini watersports centre with canoes, kayaks and paddles for hire, and a discount with our partner Cano\u00e9vasion on presentation of your wristband.\n<\/li><li>A multi-sports ground with a beach volleyball court, table tennis tables and a bouncy castle\n<\/li><li>A play area for children\n<\/li><li>Communal toilets cleaned regularly\n<\/li><\/ul><\/div><\/div><div class=\"lireplus fc-desk\"><p  style=\"font-size: 17px;text-align: center;background-color: var(--blanc);\"  ><strong>Is there any entertainment at the campsite?<\/strong><\/p><div class=\"group\"><p  style=\"text-align: center;\"  >Yes, you&#8217;ll find it all around the restaurant, where concerts by local groups, themed evenings and other entertainment will be organised throughout the summer.<\/p><p  style=\"text-align: center;\"  >Sunday welcome drinks will also add a touch of conviviality to your stay.<\/p><\/div><\/div><div class=\"lireplus fc-desk\"><p  style=\"font-size: 17px;text-align: center;background-color: var(--blanc);\"  ><strong>Are there any activities for children?<\/strong><\/p><div class=\"group\"><p  style=\"text-align: center;\"  >Yes, our Mini-Club welcomes children aged 5 to 12. It&#8217;s open in July and August from Monday to Friday, 10am to 12pm and 2pm to 4pm.<\/p><p  style=\"text-align: center;\"  >Treasure hunts, creative workshops, crazy challenges, face painting etc\u2026 Lots of activities to liven up their holidays.<\/p><p  style=\"text-align: center;\"  >Our bouncy castle pitch and children&#8217;s play area will add to the fun.<\/p><\/div><\/div><h2 style=\"text-align: center;background-color: var(--blanc);color: var(--blanc);\"><\/h2><\/div>\n\n<div class=\"group sec-05 align-full has-background has-vert-background-color\" style=\"background-color:var(--vert);\"><h2 style=\"text-align: center;background-color: var(--vert);color: var(--blanc);\">Options and additional services<\/h2><\/div>\n\n<div class=\"group sec-05 align-full has-background has-blanc-background-color\" style=\"background-color:var(--blanc);\"><div class=\"lireplus fc-desk\"><p  style=\"font-size: 17px;text-align: center;background-color: var(--blanc);\"  ><strong>Is cleaning included in my rental?<\/strong><\/p><div class=\"group\"><p  style=\"text-align: center;\"  >No, cleaning at the end of your stay is not included in your rental.<\/p><p  style=\"text-align: center;\"  >If you do not wish to add cleaning costs, we would ask you to leave your accommodation in a clean and tidy condition.<\/p><\/div><\/div><div class=\"lireplus fc-desk\"><p  style=\"font-size: 17px;text-align: center;background-color: var(--blanc);\"  ><strong>Can I hire fridges?<\/strong><\/p><div class=\"group\"><p  style=\"text-align: center;\"  >Yes, when you make your reservation and subject to availability, you can hire a fridge for \u20ac5\/night.<\/p><\/div><\/div><div class=\"lireplus fc-desk\"><p  style=\"font-size: 17px;text-align: center;background-color: var(--blanc);\"  ><strong>Can I hire baby equipment?<\/strong><\/p><div class=\"group\"><p  style=\"text-align: center;\"  >Yes, we can rent you a baby bath, a cot with mattress and\/or a high chair<\/p><\/div><\/div><div class=\"lireplus fc-desk\"><p  style=\"font-size: 17px;text-align: center;background-color: var(--blanc);\"  ><strong>Can I choose my location?<\/strong><\/p><div class=\"group\"><p  style=\"text-align: center;\"  >Yes, this is possible, you can select your preferred location, in a specific area, next to your friends or family. You can indicate your preference in the \u2018Comments\u2019 box when you make your reservation. (Subject to availability)<\/p><\/div><\/div><div class=\"lireplus fc-desk\"><p  style=\"font-size: 17px;text-align: center;background-color: var(--blanc);\"  ><strong>Can I hire sheets?<\/strong><\/p><div class=\"group\"><p  style=\"text-align: center;\"  >We do not rent sheets.<\/p><\/div><\/div><h2 style=\"text-align: center;background-color: var(--blanc);color: var(--blanc);\"><\/h2><\/div>","protected":false},"excerpt":{"rendered":"<p>Plan your stay with peace of mind in the heart of the Vend\u00e9e. Frequently asked questions about Camping Le Lac du Jaunay We have compiled the answers to the most frequently asked questions here to provide immediate answers and help you organise your stay at our Lac du Jaunay campsite. General information Booking and payment [&hellip;]<\/p>\n","protected":false},"author":4,"featured_media":0,"parent":0,"menu_order":0,"comment_status":"closed","ping_status":"closed","template":"","meta":{"_acf_changed":false,"footnotes":""},"acf":[],"_links":{"self":[{"href":"https:\/\/www.camping-du-lac-du-jaunay.com\/en\/wp-json\/wp\/v2\/pages\/1414"}],"collection":[{"href":"https:\/\/www.camping-du-lac-du-jaunay.com\/en\/wp-json\/wp\/v2\/pages"}],"about":[{"href":"https:\/\/www.camping-du-lac-du-jaunay.com\/en\/wp-json\/wp\/v2\/types\/page"}],"author":[{"embeddable":true,"href":"https:\/\/www.camping-du-lac-du-jaunay.com\/en\/wp-json\/wp\/v2\/users\/4"}],"replies":[{"embeddable":true,"href":"https:\/\/www.camping-du-lac-du-jaunay.com\/en\/wp-json\/wp\/v2\/comments?post=1414"}],"version-history":[{"count":2,"href":"https:\/\/www.camping-du-lac-du-jaunay.com\/en\/wp-json\/wp\/v2\/pages\/1414\/revisions"}],"predecessor-version":[{"id":1416,"href":"https:\/\/www.camping-du-lac-du-jaunay.com\/en\/wp-json\/wp\/v2\/pages\/1414\/revisions\/1416"}],"wp:attachment":[{"href":"https:\/\/www.camping-du-lac-du-jaunay.com\/en\/wp-json\/wp\/v2\/media?parent=1414"}],"curies":[{"name":"wp","href":"https:\/\/api.w.org\/{rel}","templated":true}]}}