{"id":1021,"date":"2024-10-23T10:25:34","date_gmt":"2024-10-23T08:25:34","guid":{"rendered":"https:\/\/www.camping-du-lac-du-jaunay.com\/la-piscine-bien-etre\/"},"modified":"2024-11-22T14:01:55","modified_gmt":"2024-11-22T13:01:55","slug":"la-piscine-bien-etre","status":"publish","type":"page","link":"https:\/\/www.camping-du-lac-du-jaunay.com\/nl\/la-piscine-bien-etre\/","title":{"rendered":"SEO &#8211; Zwembad"},"content":{"rendered":"<div class=\"diaporama-header align-full\"><div class=\"gallery\"><figure class=\"gallery__item\"><picture><source srcset=\"https:\/\/www.camping-du-lac-du-jaunay.com\/wp-content\/uploads\/2024\/10\/jeu-ballon-piscine-420x420.webp\" media=\"(max-width: 210px)\"><source srcset=\"https:\/\/www.camping-du-lac-du-jaunay.com\/wp-content\/uploads\/2024\/10\/jeu-ballon-piscine-850x596.webp\" media=\"(max-width: 420px)\"><source srcset=\"https:\/\/www.camping-du-lac-du-jaunay.com\/wp-content\/uploads\/2024\/10\/jeu-ballon-piscine-768x539.webp\" media=\"(max-width: 850px)\"><source srcset=\"https:\/\/www.camping-du-lac-du-jaunay.com\/wp-content\/uploads\/2024\/10\/jeu-ballon-piscine-1024x718.webp\" media=\"(max-width: 1024px)\"><source srcset=\"https:\/\/www.camping-du-lac-du-jaunay.com\/wp-content\/uploads\/2024\/10\/jeu-ballon-piscine.webp\" media=\"(min-width: 1025px)\"><img loading=\"lazy\" decoding=\"async\" src=\"https:\/\/www.camping-du-lac-du-jaunay.com\/wp-content\/uploads\/2024\/10\/jeu-ballon-piscine-420x420.webp\" width=\"420\" height=\"210\" alt=\"\" title=\"\"><\/picture><\/figure><\/div><div class=\"diaporama-header__inner\"><h1 class=\"h1\" style=\"text-align: center;\">Uw camping in de Vend\u00e9e <span class=\"fc-span\">met een wellness zwembad<\/span><\/h1><\/div><\/div>\n\n<div class=\"group sec-05 align-full has-background has-gris-background-color\" style=\"background-color:var(--gris);\"><h2 class=\"h2\" style=\"text-align: center;\">Camping Lac du Jaunay <span class=\"fc-span\">in de Vend\u00e9e met zwembad<\/span><\/h2><p  style=\"text-align: center;\"  >Verblijf op onze <strong>3-sterren camping met zwembad in de Vend\u00e9e<\/strong>. Kom alleen of met het gezin ontspannen in ons zwemparadijs in Landevieille. Je vindt er alles wat je nodig hebt voor een onvergetelijke tijd. Je zult dol zijn op het pierenbad, de whirlpool en de massagestralen! Met onze 2-baans pentagliss en onze rodelbaan is het een en al glijden en spanning.    <\/p><div class=\"lireplus fc-mob\"><p  style=\"text-align: center;\"  >Meer lezen<\/p><div class=\"group\"><p  style=\"text-align: center;\" id=\"155\" >Profiteer van je verblijf op onze camping Lac du Jaunay om te ontspannen en te genieten van unieke gezinsmomenten. En als de zon niet schijnt, beschikt onze <a href=\"https:\/\/www.camping-du-lac-du-jaunay.com\/nl\/camping-en-vendee-avec-piscine\/\" data-type=\"page\" data-id=\"155\"><strong>camping in de Vend\u00e9e een overdekt zwembad.<\/strong><\/a>.<\/p><\/div><\/div><div class=\"gallery f-carousel fc-diapo-mob\" data-fancybox=\"gallery-mob\"><figure class=\"gallery__item\"><picture><source srcset=\"https:\/\/www.camping-du-lac-du-jaunay.com\/wp-content\/uploads\/2024\/10\/piscine-transat-espace-aquatique-420x420.webp\" media=\"(max-width: 210px)\"><source srcset=\"https:\/\/www.camping-du-lac-du-jaunay.com\/wp-content\/uploads\/2024\/10\/piscine-transat-espace-aquatique-850x536.webp\" media=\"(max-width: 420px)\"><source srcset=\"https:\/\/www.camping-du-lac-du-jaunay.com\/wp-content\/uploads\/2024\/10\/piscine-transat-espace-aquatique-768x484.webp\" media=\"(max-width: 850px)\"><source srcset=\"https:\/\/www.camping-du-lac-du-jaunay.com\/wp-content\/uploads\/2024\/10\/piscine-transat-espace-aquatique-1024x646.webp\" media=\"(max-width: 1024px)\"><source srcset=\"https:\/\/www.camping-du-lac-du-jaunay.com\/wp-content\/uploads\/2024\/10\/piscine-transat-espace-aquatique.webp\" media=\"(min-width: 1025px)\"><img decoding=\"async\" src=\"https:\/\/www.camping-du-lac-du-jaunay.com\/wp-content\/uploads\/2024\/10\/piscine-transat-espace-aquatique-420x420.webp\" width=\"420\" height=\"210\" loading=\"lazy\" alt=\"\" title=\"\"><\/picture><\/figure><figure class=\"gallery__item\"><picture><source srcset=\"https:\/\/www.camping-du-lac-du-jaunay.com\/wp-content\/uploads\/2024\/10\/piscine-avec-transats-420x420.webp\" media=\"(max-width: 210px)\"><source srcset=\"https:\/\/www.camping-du-lac-du-jaunay.com\/wp-content\/uploads\/2024\/10\/piscine-avec-transats-850x567.webp\" media=\"(max-width: 420px)\"><source srcset=\"https:\/\/www.camping-du-lac-du-jaunay.com\/wp-content\/uploads\/2024\/10\/piscine-avec-transats-768x512.webp\" media=\"(max-width: 850px)\"><source srcset=\"https:\/\/www.camping-du-lac-du-jaunay.com\/wp-content\/uploads\/2024\/10\/piscine-avec-transats-1024x683.webp\" media=\"(max-width: 1024px)\"><source srcset=\"https:\/\/www.camping-du-lac-du-jaunay.com\/wp-content\/uploads\/2024\/10\/piscine-avec-transats.webp\" media=\"(min-width: 1025px)\"><img decoding=\"async\" src=\"https:\/\/www.camping-du-lac-du-jaunay.com\/wp-content\/uploads\/2024\/10\/piscine-avec-transats-420x420.webp\" width=\"420\" height=\"210\" loading=\"lazy\" alt=\"\" title=\"\"><\/picture><\/figure><figure class=\"gallery__item\"><picture><source srcset=\"https:\/\/www.camping-du-lac-du-jaunay.com\/wp-content\/uploads\/2024\/10\/piscine-toboggan-420x420.webp\" media=\"(max-width: 210px)\"><source srcset=\"https:\/\/www.camping-du-lac-du-jaunay.com\/wp-content\/uploads\/2024\/10\/piscine-toboggan-850x567.webp\" media=\"(max-width: 420px)\"><source srcset=\"https:\/\/www.camping-du-lac-du-jaunay.com\/wp-content\/uploads\/2024\/10\/piscine-toboggan-768x512.webp\" media=\"(max-width: 850px)\"><source srcset=\"https:\/\/www.camping-du-lac-du-jaunay.com\/wp-content\/uploads\/2024\/10\/piscine-toboggan-1024x683.webp\" media=\"(max-width: 1024px)\"><source srcset=\"https:\/\/www.camping-du-lac-du-jaunay.com\/wp-content\/uploads\/2024\/10\/piscine-toboggan.webp\" media=\"(min-width: 1025px)\"><img decoding=\"async\" src=\"https:\/\/www.camping-du-lac-du-jaunay.com\/wp-content\/uploads\/2024\/10\/piscine-toboggan-420x420.webp\" width=\"420\" height=\"210\" loading=\"lazy\" alt=\"\" title=\"\"><\/picture><\/figure><\/div><\/div>\n\n<div class=\"columns sec-10 reverse-mob align-full\"><div class=\"columns__item media\"><div class=\"gallery height-adapt col-2 f-carousel fc-diapo\" data-fancybox=\"gallery\"><figure class=\"gallery__item\"><picture><source srcset=\"https:\/\/www.camping-du-lac-du-jaunay.com\/wp-content\/uploads\/2024\/10\/piscine-interieure-420x420.webp\" media=\"(max-width: 210px)\"><source srcset=\"https:\/\/www.camping-du-lac-du-jaunay.com\/wp-content\/uploads\/2024\/10\/piscine-interieure-850x591.webp\" media=\"(max-width: 420px)\"><source srcset=\"https:\/\/www.camping-du-lac-du-jaunay.com\/wp-content\/uploads\/2024\/10\/piscine-interieure-768x534.webp\" media=\"(max-width: 850px)\"><source srcset=\"https:\/\/www.camping-du-lac-du-jaunay.com\/wp-content\/uploads\/2024\/10\/piscine-interieure-1024x713.webp\" media=\"(max-width: 1024px)\"><source srcset=\"https:\/\/www.camping-du-lac-du-jaunay.com\/wp-content\/uploads\/2024\/10\/piscine-interieure.webp\" media=\"(min-width: 1025px)\"><img decoding=\"async\" src=\"https:\/\/www.camping-du-lac-du-jaunay.com\/wp-content\/uploads\/2024\/10\/piscine-interieure-420x420.webp\" width=\"420\" height=\"210\" loading=\"lazy\" alt=\"\" title=\"\"><\/picture><\/figure><figure class=\"gallery__item\"><picture><source srcset=\"https:\/\/www.camping-du-lac-du-jaunay.com\/wp-content\/uploads\/2024\/10\/plongeon-enfant-piscine-420x420.webp\" media=\"(max-width: 210px)\"><source srcset=\"https:\/\/www.camping-du-lac-du-jaunay.com\/wp-content\/uploads\/2024\/10\/plongeon-enfant-piscine-563x850.webp\" media=\"(max-width: 420px)\"><source srcset=\"https:\/\/www.camping-du-lac-du-jaunay.com\/wp-content\/uploads\/2024\/10\/plongeon-enfant-piscine-768x1160.webp\" media=\"(max-width: 850px)\"><source srcset=\"https:\/\/www.camping-du-lac-du-jaunay.com\/wp-content\/uploads\/2024\/10\/plongeon-enfant-piscine-678x1024.webp\" media=\"(max-width: 1024px)\"><source srcset=\"https:\/\/www.camping-du-lac-du-jaunay.com\/wp-content\/uploads\/2024\/10\/plongeon-enfant-piscine.webp\" media=\"(min-width: 1025px)\"><img decoding=\"async\" src=\"https:\/\/www.camping-du-lac-du-jaunay.com\/wp-content\/uploads\/2024\/10\/plongeon-enfant-piscine-420x420.webp\" width=\"420\" height=\"210\" loading=\"lazy\" alt=\"\" title=\"\"><\/picture><\/figure><figure class=\"gallery__item\"><picture><source srcset=\"https:\/\/www.camping-du-lac-du-jaunay.com\/wp-content\/uploads\/2024\/10\/enfant-jeu-piscine-420x420.webp\" media=\"(max-width: 210px)\"><source srcset=\"https:\/\/www.camping-du-lac-du-jaunay.com\/wp-content\/uploads\/2024\/10\/enfant-jeu-piscine-567x850.webp\" media=\"(max-width: 420px)\"><source srcset=\"https:\/\/www.camping-du-lac-du-jaunay.com\/wp-content\/uploads\/2024\/10\/enfant-jeu-piscine-768x1152.webp\" media=\"(max-width: 850px)\"><source srcset=\"https:\/\/www.camping-du-lac-du-jaunay.com\/wp-content\/uploads\/2024\/10\/enfant-jeu-piscine-683x1024.webp\" media=\"(max-width: 1024px)\"><source srcset=\"https:\/\/www.camping-du-lac-du-jaunay.com\/wp-content\/uploads\/2024\/10\/enfant-jeu-piscine.webp\" media=\"(min-width: 1025px)\"><img decoding=\"async\" src=\"https:\/\/www.camping-du-lac-du-jaunay.com\/wp-content\/uploads\/2024\/10\/enfant-jeu-piscine-420x420.webp\" width=\"420\" height=\"210\" loading=\"lazy\" alt=\"\" title=\"\"><\/picture><\/figure><\/div><\/div><div class=\"columns__item texte\"><h2>Geniet van onze camping in de Vend\u00e9e <span class=\"fc-span\">met verwarmd zwembad<\/span><\/h2><p    >Onze <strong>camping in de Vend\u00e9e heeft een zwembad<\/strong> van meer dan 1000m\u00b2, waarvan 252m\u00b2 overdekt.<\/p><h3>Buitenzwembad<\/h3><p    >Groot overloopzwembad van ongeveer 25m x 10m en 14,10m tot 1,80m diep, met klein zwembad van 6m bij 5m en 0,50m diep.<\/p><div class=\"lireplus fc-mob\"><p    >Meer lezen<\/p><div class=\"group\"><h3>Overdekt zwembad<\/h3><p    >Overdekt zwembad van 74 m\u00b2 met een diepte van 1,40 m en ronde vormen met massagestralen en bubbelbad, met een overdekt peuterbad van 19 m\u00b2 van 25 cm diep met een kleine glijbaan en waterspelletjes voor de kleintjes. Dit zwembad is verwarmd tijdens het seizoen. Onze <strong>camping in de Vend\u00e9e heeft een<\/strong> overdekt <strong>zwembad<\/strong> dat zeker in de smaak zal vallen.  <\/p><\/div><\/div><\/div><\/div>\n\n<div class=\"columns sec-10 has-fond-background-color has-background align-full\" style=\"background-color:var(--fond);\"><div class=\"columns__item texte\"><h3 class=\"h2\">Praktische informatie<\/h3><p    >Onze <strong>camping in de Vend\u00e9e opent de deuren van het zwembad<\/strong> elke dag van 10.00 tot 20.00 uur en sommige avonden van 21.00 tot 23.00 uur voor avondactiviteiten. Activiteiten zoals waterpolo worden de hele zomer aangeboden. Er is voor elk wat wils, zowel voor jong als oud.  <\/p><div class=\"lireplus fc-mob\"><p    >Meer lezen<\/p><div class=\"group\"><p    >Let op:<\/p><ul><li>Zwemshorts zijn verboden\n<\/li><li>Kinderen moeten tijdens het zwemmen onder toezicht van hun ouders staan.\n<\/li><li><a href=\"https:\/\/www.camping-du-lac-du-jaunay.com\/nl\/activites\/\" data-type=\"page\" data-id=\"153\">Ontdek alle activiteiten<\/a> op camping Lac du Jaunay\n<\/li><li><a href=\"https:\/\/www.camping-du-lac-du-jaunay.com\/nl\/hebergements\/\" data-type=\"page\" data-id=\"160\">Boek nu uw verblijf<\/a> op onze <strong>camping in de Vend\u00e9e met overdekt zwembad<\/strong>.\n<\/li><\/ul><\/div><\/div><\/div><div class=\"columns__item media\"><div class=\"gallery height-adapt col-2\"><figure class=\"gallery__item\"><picture><source srcset=\"https:\/\/www.camping-du-lac-du-jaunay.com\/wp-content\/uploads\/2024\/10\/piscine-avec-toboggan-420x420.webp\" media=\"(max-width: 210px)\"><source srcset=\"https:\/\/www.camping-du-lac-du-jaunay.com\/wp-content\/uploads\/2024\/10\/piscine-avec-toboggan-850x567.webp\" media=\"(max-width: 420px)\"><source srcset=\"https:\/\/www.camping-du-lac-du-jaunay.com\/wp-content\/uploads\/2024\/10\/piscine-avec-toboggan-768x512.webp\" media=\"(max-width: 850px)\"><source srcset=\"https:\/\/www.camping-du-lac-du-jaunay.com\/wp-content\/uploads\/2024\/10\/piscine-avec-toboggan-1024x683.webp\" media=\"(max-width: 1024px)\"><source srcset=\"https:\/\/www.camping-du-lac-du-jaunay.com\/wp-content\/uploads\/2024\/10\/piscine-avec-toboggan.webp\" media=\"(min-width: 1025px)\"><img decoding=\"async\" src=\"https:\/\/www.camping-du-lac-du-jaunay.com\/wp-content\/uploads\/2024\/10\/piscine-avec-toboggan-420x420.webp\" width=\"420\" height=\"210\" loading=\"lazy\" alt=\"\" title=\"\"><\/picture><\/figure><\/div><\/div><\/div>","protected":false},"excerpt":{"rendered":"<p>Uw camping in de Vend\u00e9e met een wellness zwembad Camping Lac du Jaunay in de Vend\u00e9e met zwembad Verblijf op onze 3-sterren camping met zwembad in de Vend\u00e9e. Kom alleen of met het gezin ontspannen in ons zwemparadijs in Landevieille. Je vindt er alles wat je nodig hebt voor een onvergetelijke tijd. Je zult dol [&hellip;]<\/p>\n","protected":false},"author":1,"featured_media":0,"parent":0,"menu_order":0,"comment_status":"closed","ping_status":"closed","template":"","meta":{"_acf_changed":false,"footnotes":""},"acf":[],"_links":{"self":[{"href":"https:\/\/www.camping-du-lac-du-jaunay.com\/nl\/wp-json\/wp\/v2\/pages\/1021"}],"collection":[{"href":"https:\/\/www.camping-du-lac-du-jaunay.com\/nl\/wp-json\/wp\/v2\/pages"}],"about":[{"href":"https:\/\/www.camping-du-lac-du-jaunay.com\/nl\/wp-json\/wp\/v2\/types\/page"}],"author":[{"embeddable":true,"href":"https:\/\/www.camping-du-lac-du-jaunay.com\/nl\/wp-json\/wp\/v2\/users\/1"}],"replies":[{"embeddable":true,"href":"https:\/\/www.camping-du-lac-du-jaunay.com\/nl\/wp-json\/wp\/v2\/comments?post=1021"}],"version-history":[{"count":2,"href":"https:\/\/www.camping-du-lac-du-jaunay.com\/nl\/wp-json\/wp\/v2\/pages\/1021\/revisions"}],"predecessor-version":[{"id":1163,"href":"https:\/\/www.camping-du-lac-du-jaunay.com\/nl\/wp-json\/wp\/v2\/pages\/1021\/revisions\/1163"}],"wp:attachment":[{"href":"https:\/\/www.camping-du-lac-du-jaunay.com\/nl\/wp-json\/wp\/v2\/media?parent=1021"}],"curies":[{"name":"wp","href":"https:\/\/api.w.org\/{rel}","templated":true}]}}